{"id":611,"date":"2012-03-06T09:00:36","date_gmt":"2012-03-06T07:00:36","guid":{"rendered":"http:\/\/ljza.lv\/?p=611"},"modified":"2023-03-18T15:00:26","modified_gmt":"2023-03-18T13:00:26","slug":"konsultativa-padome","status":"publish","type":"page","link":"https:\/\/new.ljza.lv\/en\/par-ljza\/konsultativa-padome\/","title":{"rendered":"Konsultat\u012bv\u0101 padome"},"content":{"rendered":"<p>LJZA Konsultat\u012bv\u0101 padome ir akt\u012bv\u0101ko biedru kopa, kas konsult\u0113 atbalsta valdi t\u0101s daudzveid\u012bgaj\u0101 darb\u0101: nodro\u0161ina v\u0113sturisk\u0101s atmi\u0146as saglab\u0101\u0161anu, sniedz ieteikumus un iesaist\u0101s diskusij\u0101s par aktualit\u0101t\u0113m, pal\u012bdz l\u0113mumu pie\u0146em\u0161an\u0101, p\u0101rst\u0101v biedr\u012bbu da\u017e\u0101d\u0101s komisij\u0101s un san\u0101ksm\u0113s, iesaist\u0101s pas\u0101kumu organiz\u0113\u0161an\u0101. V\u0113sturiski izveidojusies trad\u012bcija ik pa tr\u012bs gadiem valdi main\u012bt gandr\u012bz piln\u012bb\u0101, dodot iesp\u0113ju akt\u012bv\u0101kajiem no jaunajiem biedriem un nodro\u0161inot daudzpus\u012bg\u0101kas att\u012bst\u012bbas iesp\u0113jas organiz\u0101cijai. Lai biju\u0161ie valdes locek\u013ci turpin\u0101tu sniegt savu ieguld\u012bjumu, 2013. gada mart\u0101 tika izveidota Konsultat\u012bv\u0101 padome. Taj\u0101 iesaist\u0101s ar\u012b akt\u012bv\u0101kie organiz\u0101cijas biedri, kas ar laiku kandid\u0113 uz valdes sast\u0101vu. Konsultat\u012bv\u0101s padomes sast\u0101vs tiek p\u0101rskat\u012bts ne ret\u0101k k\u0101 reizi tr\u012bs gados kop\u0101 ar valdes v\u0113l\u0113\u0161an\u0101m. Padomes sast\u0101v\u0101 2020.gad\u0101 bija 20 locek\u013ci.<\/p>\n<h2>Konsultat\u012bv\u0101s padomes priek\u0161s\u0113d\u0113t\u0101ja<\/h2>\n<p><img loading=\"lazy\" decoding=\"async\" class=\"alignleft size-medium wp-image-3978\" src=\"http:\/\/ljza.lv\/wp-content\/uploads\/2020\/11\/ieva_portrets-198x300.jpg\" alt=\"\" width=\"198\" height=\"300\" srcset=\"https:\/\/new.ljza.lv\/wp-content\/uploads\/2020\/11\/ieva_portrets-198x300.jpg 198w, https:\/\/new.ljza.lv\/wp-content\/uploads\/2020\/11\/ieva_portrets-677x1024.jpg 677w, https:\/\/new.ljza.lv\/wp-content\/uploads\/2020\/11\/ieva_portrets-768x1162.jpg 768w, https:\/\/new.ljza.lv\/wp-content\/uploads\/2020\/11\/ieva_portrets.jpg 772w\" sizes=\"auto, (max-width: 198px) 100vw, 198px\" \/><\/p>\n<p><em>Ieva Sili\u0146a<\/em><\/p>\n<p>Konsultat\u012bv\u0101s padomes priek\u0161s\u0113d\u0113t\u0101ja no 2020. gada novembra. Valdes locekle no 2015. gada decembra l\u012bdz 2016. gada martam. Valdes priek\u0161s\u0113d\u0113t\u0101ja no 2016. gada marta l\u012bdz 2020. gada septembrim. Noteikusi LJZA strat\u0113\u0123isko virz\u012bbu, izveidojot biedr\u012bbas tr\u012bs att\u012bst\u012bbas p\u012bl\u0101rus: zin\u0101tnes politika, zin\u0101tnes komunik\u0101cija un t\u012bklo\u0161an\u0101s.<\/p>\n<p>Kop\u0161 2020. gada 2. oktobra Ieva Sili\u0146a ir R\u012bgas Domes deput\u0101te, k\u0101 ar\u012b R\u012bgas Domes Izgl\u012bt\u012bbas, kult\u016bras un sporta komitejas priek\u0161s\u0113d\u0113t\u0101ja vietniece. \u0160ie pien\u0101kumi tiek apvienoti ar Valsts prezidenta \u0101r\u0161tata padomnieces izgl\u012bt\u012bbas un zin\u0101tnes politikas jaut\u0101jumos poz\u012bciju. Ieva Sili\u0146a valsts prezidenta komand\u0101 ir kop\u0161 v.e. Egila Levita st\u0101\u0161an\u0101s amat\u0101 2019. gada 8. j\u016blij\u0101.<\/p>\n<p>Ievas Sili\u0146as prim\u0101r\u0101s intereses aptver zin\u0101tnes p\u0101rvald\u012bbu un politiku, k\u0101 ar\u012b attiec\u012bbas starp zin\u0101tni un tehnolo\u0123ij\u0101m.<\/p>\n<p>&nbsp;<\/p>\n<h2>Konsultat\u012bv\u0101s padomes locek\u013ci<\/h2>\n<ul>\n<li>Alberts Auzi\u0146\u0161<\/li>\n<li>Andris Freimanis<\/li>\n<li>Baiba Pr\u016bse<\/li>\n<li>Egils Stalidz\u0101ns<\/li>\n<li>Gita Sili\u0146a<\/li>\n<li>Guntars Kitenbergs<\/li>\n<li>Ieva Puzo<\/li>\n<li>Ingars Reinholds<\/li>\n<li>Ingus P\u0113rkons<\/li>\n<li>Inese \u010caksti\u0146a<\/li>\n<li>J\u0101nis Liepi\u0146\u0161<\/li>\n<li>J\u0113kabs Fr\u012bdmanis<\/li>\n<li>Just\u012bne V\u012b\u0137e<\/li>\n<li>K\u0101rlis Livki\u0161s<\/li>\n<li>Kristaps Zari\u0146\u0161<\/li>\n<li>Lauris Bisenieks<\/li>\n<li>Marija Semjonova-Reinholde<\/li>\n<li>M\u0101rti\u0146\u0161 Liberts<\/li>\n<li>Nat\u0101lija Abrola<\/li>\n<li>Vilnis \u0160\u0137ipars<\/li>\n<\/ul>\n<p>(saraksts atjaunots 2020. gada novembr\u012b)<\/p>\n<h2>Konsulat\u012bv\u0101s padomes iepriek\u0161\u0113jie priek\u0161s\u0113d\u0113t\u0101ji<\/h2>\n<ul>\n<li>2016-2020 Agnese Stunda-Zujeva<\/li>\n<li>2015-2016 Egils Stalidz\u0101ns<\/li>\n<li>2013-2015 Gatis Kr\u016bmi\u0146\u0161<\/li>\n<\/ul>","protected":false},"excerpt":{"rendered":"<p>LJZA Konsultat\u012bv\u0101 padome ir akt\u012bv\u0101ko biedru kopa, kas konsult\u0113 atbalsta valdi t\u0101s daudzveid\u012bgaj\u0101 darb\u0101: nodro\u0161ina v\u0113sturisk\u0101s atmi\u0146as saglab\u0101\u0161anu, sniedz ieteikumus un iesaist\u0101s diskusij\u0101s par aktualit\u0101t\u0113m, pal\u012bdz l\u0113mumu pie\u0146em\u0161an\u0101, p\u0101rst\u0101v biedr\u012bbu da\u017e\u0101d\u0101s komisij\u0101s un san\u0101ksm\u0113s, iesaist\u0101s pas\u0101kumu organiz\u0113\u0161an\u0101. V\u0113sturiski izveidojusies trad\u012bcija ik pa tr\u012bs gadiem valdi main\u012bt gandr\u012bz piln\u012bb\u0101, dodot iesp\u0113ju akt\u012bv\u0101kajiem no jaunajiem biedriem un [&hellip;]<\/p>","protected":false},"author":5,"featured_media":0,"parent":2,"menu_order":0,"comment_status":"closed","ping_status":"closed","template":"","meta":{"footnotes":""},"class_list":["post-611","page","type-page","status-publish","hentry"],"acf":[],"_links":{"self":[{"href":"https:\/\/new.ljza.lv\/en\/wp-json\/wp\/v2\/pages\/611","targetHints":{"allow":["GET"]}}],"collection":[{"href":"https:\/\/new.ljza.lv\/en\/wp-json\/wp\/v2\/pages"}],"about":[{"href":"https:\/\/new.ljza.lv\/en\/wp-json\/wp\/v2\/types\/page"}],"author":[{"embeddable":true,"href":"https:\/\/new.ljza.lv\/en\/wp-json\/wp\/v2\/users\/5"}],"replies":[{"embeddable":true,"href":"https:\/\/new.ljza.lv\/en\/wp-json\/wp\/v2\/comments?post=611"}],"version-history":[{"count":32,"href":"https:\/\/new.ljza.lv\/en\/wp-json\/wp\/v2\/pages\/611\/revisions"}],"predecessor-version":[{"id":4892,"href":"https:\/\/new.ljza.lv\/en\/wp-json\/wp\/v2\/pages\/611\/revisions\/4892"}],"up":[{"embeddable":true,"href":"https:\/\/new.ljza.lv\/en\/wp-json\/wp\/v2\/pages\/2"}],"wp:attachment":[{"href":"https:\/\/new.ljza.lv\/en\/wp-json\/wp\/v2\/media?parent=611"}],"curies":[{"name":"wp","href":"https:\/\/api.w.org\/{rel}","templated":true}]}}