{"id":5971,"date":"2023-06-05T12:37:02","date_gmt":"2023-06-05T10:37:02","guid":{"rendered":"https:\/\/new.ljza.lv\/?page_id=5971"},"modified":"2023-08-05T11:16:43","modified_gmt":"2023-08-05T09:16:43","slug":"eksperti","status":"publish","type":"page","link":"https:\/\/new.ljza.lv\/en\/resursi\/eksperti\/","title":{"rendered":"Eksperti"},"content":{"rendered":"<div data-elementor-type=\"wp-page\" data-elementor-id=\"5971\" class=\"elementor elementor-5971\" data-elementor-post-type=\"page\">\n\t\t\t\t\t\t\t<div class=\"elementor-element elementor-element-9606e7f e-flex e-con-boxed e-con\" data-id=\"9606e7f\" data-element_type=\"container\" data-settings=\"{&quot;content_width&quot;:&quot;boxed&quot;}\">\n\t\t\t\t\t<div class=\"e-con-inner\">\n\t\t\t\t<div class=\"elementor-element elementor-element-5d0655d elementor-grid-3 elementor-grid-tablet-2 elementor-grid-mobile-1 elementor-widget elementor-widget-loop-grid\" data-id=\"5d0655d\" data-element_type=\"widget\" data-settings=\"{&quot;template_id&quot;:&quot;6061&quot;,&quot;columns&quot;:3,&quot;_skin&quot;:&quot;post&quot;,&quot;columns_tablet&quot;:&quot;2&quot;,&quot;columns_mobile&quot;:&quot;1&quot;,&quot;edit_handle_selector&quot;:&quot;[data-elementor-type=\\&quot;loop-item\\&quot;]&quot;,&quot;row_gap&quot;:{&quot;unit&quot;:&quot;px&quot;,&quot;size&quot;:&quot;&quot;,&quot;sizes&quot;:[]},&quot;row_gap_tablet&quot;:{&quot;unit&quot;:&quot;px&quot;,&quot;size&quot;:&quot;&quot;,&quot;sizes&quot;:[]},&quot;row_gap_mobile&quot;:{&quot;unit&quot;:&quot;px&quot;,&quot;size&quot;:&quot;&quot;,&quot;sizes&quot;:[]}}\" data-widget_type=\"loop-grid.post\">\n\t\t\t\t<div class=\"elementor-widget-container\">\n\t\t\t<link rel=\"stylesheet\" href=\"https:\/\/new.ljza.lv\/wp-content\/plugins\/elementor-pro\/assets\/css\/widget-loop-builder.min.css\">\t\t<div class=\"elementor-loop-container elementor-grid\">\n\t\t<style id=\"loop-6061\">.elementor-6061 .elementor-element.elementor-element-cc37230{--display:flex;--flex-direction:column;--container-widget-width:100%;--container-widget-height:initial;--container-widget-flex-grow:0;--container-widget-align-self:initial;--gap:10px;--background-transition:0.3s;--padding-top:20px;--padding-right:20px;--padding-bottom:55px;--padding-left:20px;}.elementor-6061 .elementor-element.elementor-element-cc37230:not(.elementor-motion-effects-element-type-background), .elementor-6061 .elementor-element.elementor-element-cc37230 > .elementor-motion-effects-container > .elementor-motion-effects-layer{background-color:#FFFFFF;}.elementor-6061 .elementor-element.elementor-element-cc37230, .elementor-6061 .elementor-element.elementor-element-cc37230::before{--border-transition:0.3s;}.elementor-6061 .elementor-element.elementor-element-217e61d img{width:100%;max-width:100%;height:230px;object-fit:cover;object-position:center center;}.elementor-6061 .elementor-element.elementor-element-217e61d > .elementor-widget-container{margin:-20px -20px 0px -20px;padding:-20px -20px 0px -20px;}.elementor-6061 .elementor-element.elementor-element-d9b8d0e img{width:100%;max-width:100%;height:230px;object-fit:cover;object-position:center center;filter:brightness( 100% ) contrast( 100% ) saturate( 100% ) blur( 0px ) hue-rotate( 0deg );transition-duration:0.3s;}.elementor-6061 .elementor-element.elementor-element-d9b8d0e:hover img{filter:brightness( 105% ) contrast( 100% ) saturate( 105% ) blur( 0px ) hue-rotate( 0deg );}.elementor-6061 .elementor-element.elementor-element-d9b8d0e > .elementor-widget-container{margin:0px 0px 0px 0px;padding:0px 0px 0px 0px;}.elementor-6061 .elementor-element.elementor-element-d9b8d0e{width:100%;max-width:100%;top:0px;}body:not(.rtl) .elementor-6061 .elementor-element.elementor-element-d9b8d0e{left:0px;}body.rtl .elementor-6061 .elementor-element.elementor-element-d9b8d0e{right:0px;}.elementor-6061 .elementor-element.elementor-element-b2effe9 .elementor-heading-title{color:#1C244B;font-family:\"Poppins\", Sans-serif;font-size:19px;font-weight:600;text-transform:none;font-style:normal;text-decoration:none;line-height:1.3em;letter-spacing:-0.007rem;word-spacing:0em;}.elementor-6061 .elementor-element.elementor-element-b2effe9 > .elementor-widget-container{margin:1rem 0rem 0rem 0rem;}.elementor-6061 .elementor-element.elementor-element-b2effe9.elementor-element{--align-self:flex-start;--flex-grow:0;--flex-shrink:0;}.elementor-6061 .elementor-element.elementor-element-abbd7c5 .elementor-heading-title{color:#467FF7;font-family:\"Inter\", Sans-serif;font-size:11px;font-weight:600;text-transform:uppercase;font-style:normal;text-decoration:none;line-height:1.7em;letter-spacing:-0.02em;word-spacing:0em;-webkit-text-stroke-color:#000;stroke:#000;}.elementor-6061 .elementor-element.elementor-element-abbd7c5 > .elementor-widget-container{padding:0px 0px 0px 0px;border-style:none;border-radius:0px 0px 0px 0px;}.elementor-6061 .elementor-element.elementor-element-abbd7c5.elementor-element{--align-self:flex-start;}.elementor-6061 .elementor-element.elementor-element-054e2ee{--display:flex;--flex-direction:column;--container-widget-width:calc( ( 1 - var( --container-widget-flex-grow ) ) * 100% );--container-widget-height:initial;--container-widget-flex-grow:0;--container-widget-align-self:initial;--align-items:flex-start;--gap:1px;--background-transition:0.3s;--margin-top:0px;--margin-right:0px;--margin-bottom:0px;--margin-left:0px;--padding-top:0px;--padding-right:0px;--padding-bottom:0px;--padding-left:0px;}.elementor-6061 .elementor-element.elementor-element-b5f9eb6 .elementor-heading-title{color:var( --e-global-color-23c0f17 );font-family:\"Inter\", Sans-serif;font-size:11px;font-weight:600;text-transform:uppercase;font-style:normal;text-decoration:none;line-height:1.5em;letter-spacing:-0.01em;word-spacing:0em;}.elementor-6061 .elementor-element.elementor-element-b5f9eb6 > .elementor-widget-container{padding:6px 0px 6px 0px;}.elementor-6061 .elementor-element.elementor-element-5c7ee6c .elementor-heading-title{color:var( --e-global-color-23c0f17 );font-family:\"Inter\", Sans-serif;font-size:13px;font-weight:600;font-style:normal;text-decoration:none;line-height:1.5em;letter-spacing:-0.01em;word-spacing:0em;}.elementor-6061 .elementor-element.elementor-element-5c7ee6c > .elementor-widget-container{padding:6px 0px 6px 0px;}.elementor-6061 .elementor-element.elementor-element-1e2ed6b .elementor-heading-title{color:var( --e-global-color-23c0f17 );font-family:\"Inter\", Sans-serif;font-size:13px;font-weight:600;font-style:normal;text-decoration:none;line-height:1.5em;letter-spacing:-0.01em;word-spacing:0em;}.elementor-6061 .elementor-element.elementor-element-1e2ed6b > .elementor-widget-container{padding:6px 0px 6px 0px;}@media(max-width:1024px){.elementor-6061 .elementor-element.elementor-element-d9b8d0e img{height:200px;}.elementor-6061 .elementor-element.elementor-element-abbd7c5 .elementor-heading-title{line-height:2.3em;}.elementor-6061 .elementor-element.elementor-element-054e2ee{--justify-content:space-between;}}@media(max-width:767px){.elementor-6061 .elementor-element.elementor-element-d9b8d0e img{height:168px;}.elementor-6061 .elementor-element.elementor-element-b2effe9{text-align:left;}.elementor-6061 .elementor-element.elementor-element-b2effe9 .elementor-heading-title{font-size:24px;}.elementor-6061 .elementor-element.elementor-element-abbd7c5 .elementor-heading-title{font-size:12px;line-height:2.1em;}.elementor-6061 .elementor-element.elementor-element-abbd7c5 > .elementor-widget-container{padding:2px 12px 1px 12px;}.elementor-6061 .elementor-element.elementor-element-054e2ee{--justify-content:flex-start;--margin-top:0px;--margin-right:0px;--margin-bottom:0px;--margin-left:0px;}.elementor-6061 .elementor-element.elementor-element-b5f9eb6 .elementor-heading-title{font-size:13px;}.elementor-6061 .elementor-element.elementor-element-5c7ee6c .elementor-heading-title{font-size:13px;}.elementor-6061 .elementor-element.elementor-element-1e2ed6b .elementor-heading-title{font-size:13px;}}\/* Start custom CSS for theme-post-featured-image, class: .elementor-element-d9b8d0e *\/.elementor-6061 .elementor-element.elementor-element-d9b8d0e a {\n    width: 100%;\n}\/* End custom CSS *\/\n\/* Start custom CSS for theme-post-title, class: .elementor-element-b2effe9 *\/.elementor-6061 .elementor-element.elementor-element-b2effe9 p {\n    min-height: 75px\n}\/* End custom CSS *\/\n\/* Start custom CSS for container, class: .elementor-element-cc37230 *\/.elementor-6061 .elementor-element.elementor-element-cc37230 {\n    height: 100%;\n}\/* End custom CSS *\/<\/style>\t\t<div data-elementor-type=\"loop-item\" data-elementor-id=\"6061\" class=\"elementor elementor-6061 e-loop-item e-loop-item-5886 post-5886 profils type-profils status-publish has-post-thumbnail hentry profila-tema-ekologija profila-tips-valdes-loceklis\" data-elementor-post-type=\"elementor_library\" data-custom-edit-handle=\"1\">\n\t\t\t\t\t\t<div class=\"elementor-element elementor-element-cc37230 e-con-full e-flex e-con\" data-id=\"cc37230\" data-element_type=\"container\" data-settings=\"{&quot;content_width&quot;:&quot;full&quot;,&quot;background_background&quot;:&quot;classic&quot;}\">\n\t\t\t\t<div class=\"elementor-element elementor-element-217e61d elementor-widget elementor-widget-image\" data-id=\"217e61d\" data-element_type=\"widget\" data-widget_type=\"image.default\">\n\t\t\t\t<div class=\"elementor-widget-container\">\n\t\t\t<style>\/*! elementor - v3.15.0 - 02-08-2023 *\/\n.elementor-widget-image{text-align:center}.elementor-widget-image a{display:inline-block}.elementor-widget-image a img[src$=\".svg\"]{width:48px}.elementor-widget-image img{vertical-align:middle;display:inline-block}<\/style>\t\t\t\t\t\t\t\t\t\t\t\t<img decoding=\"async\" src=\"https:\/\/new.ljza.lv\/wp-content\/plugins\/elementor\/assets\/images\/placeholder.png\" title=\"\" alt=\"\" loading=\"lazy\" \/>\t\t\t\t\t\t\t\t\t\t\t\t\t\t\t<\/div>\n\t\t\t\t<\/div>\n\t\t\t\t<div class=\"elementor-element elementor-element-d9b8d0e elementor-widget__width-inherit elementor-absolute elementor-widget elementor-widget-theme-post-featured-image elementor-widget-image\" data-id=\"d9b8d0e\" data-element_type=\"widget\" data-settings=\"{&quot;_position&quot;:&quot;absolute&quot;}\" data-widget_type=\"theme-post-featured-image.default\">\n\t\t\t\t<div class=\"elementor-widget-container\">\n\t\t\t\t\t\t\t\t\t\t\t\t\t\t\t\t<a href=\"https:\/\/new.ljza.lv\/en\/profils\/5886\/\">\n\t\t\t\t\t\t\t<img loading=\"lazy\" decoding=\"async\" width=\"200\" height=\"300\" src=\"https:\/\/new.ljza.lv\/wp-content\/uploads\/2021\/12\/IMG_6272-2-200x300.jpg\" class=\"attachment-medium size-medium wp-image-4154\" alt=\"Antra Bo\u010da\" srcset=\"https:\/\/new.ljza.lv\/wp-content\/uploads\/2021\/12\/IMG_6272-2-200x300.jpg 200w, https:\/\/new.ljza.lv\/wp-content\/uploads\/2021\/12\/IMG_6272-2-683x1024.jpg 683w, https:\/\/new.ljza.lv\/wp-content\/uploads\/2021\/12\/IMG_6272-2-768x1152.jpg 768w, https:\/\/new.ljza.lv\/wp-content\/uploads\/2021\/12\/IMG_6272-2-1024x1536.jpg 1024w, https:\/\/new.ljza.lv\/wp-content\/uploads\/2021\/12\/IMG_6272-2.jpg 1365w\" sizes=\"auto, (max-width: 200px) 100vw, 200px\" \/>\t\t\t\t\t\t\t\t<\/a>\n\t\t\t\t\t\t\t\t\t\t\t\t\t\t\t<\/div>\n\t\t\t\t<\/div>\n\t\t\t\t<div class=\"elementor-element elementor-element-b2effe9 elementor-widget elementor-widget-theme-post-title elementor-page-title elementor-widget-heading\" data-id=\"b2effe9\" data-element_type=\"widget\" data-widget_type=\"theme-post-title.default\">\n\t\t\t\t<div class=\"elementor-widget-container\">\n\t\t\t<style>\/*! elementor - v3.15.0 - 02-08-2023 *\/\n.elementor-heading-title{padding:0;margin:0;line-height:1}.elementor-widget-heading .elementor-heading-title[class*=elementor-size-]>a{color:inherit;font-size:inherit;line-height:inherit}.elementor-widget-heading .elementor-heading-title.elementor-size-small{font-size:15px}.elementor-widget-heading .elementor-heading-title.elementor-size-medium{font-size:19px}.elementor-widget-heading .elementor-heading-title.elementor-size-large{font-size:29px}.elementor-widget-heading .elementor-heading-title.elementor-size-xl{font-size:39px}.elementor-widget-heading .elementor-heading-title.elementor-size-xxl{font-size:59px}<\/style><h1 class=\"elementor-heading-title elementor-size-default\">Antra Bo\u010da<\/h1>\t\t<\/div>\n\t\t\t\t<\/div>\n\t\t\t\t<div class=\"elementor-element elementor-element-abbd7c5 terms-badge elementor-widget elementor-widget-heading\" data-id=\"abbd7c5\" data-element_type=\"widget\" data-widget_type=\"heading.default\">\n\t\t\t\t<div class=\"elementor-widget-container\">\n\t\t\t<p class=\"elementor-heading-title elementor-size-default\"><a href=\"https:\/\/new.ljza.lv\/en\/profila-tema\/ekologija\/\" rel=\"tag\">Ekolo\u0123ija<\/a><\/p>\t\t<\/div>\n\t\t\t\t<\/div>\n\t\t<div class=\"elementor-element elementor-element-054e2ee e-con-full e-flex e-con\" data-id=\"054e2ee\" data-element_type=\"container\" data-settings=\"{&quot;content_width&quot;:&quot;full&quot;}\">\n\t\t\t\t<div class=\"elementor-element elementor-element-b5f9eb6 elementor-widget elementor-widget-heading\" data-id=\"b5f9eb6\" data-element_type=\"widget\" data-widget_type=\"heading.default\">\n\t\t\t\t<div class=\"elementor-widget-container\">\n\t\t\t<p class=\"elementor-heading-title elementor-size-default\">LJZA<\/p>\t\t<\/div>\n\t\t\t\t<\/div>\n\t\t\t\t<div class=\"elementor-element elementor-element-5c7ee6c elementor-widget elementor-widget-heading\" data-id=\"5c7ee6c\" data-element_type=\"widget\" data-widget_type=\"heading.default\">\n\t\t\t\t<div class=\"elementor-widget-container\">\n\t\t\t<p class=\"elementor-heading-title elementor-size-default\">Valdes priek\u0161s\u0113d\u0113t\u0101ja<\/p>\t\t<\/div>\n\t\t\t\t<\/div>\n\t\t\t\t<div class=\"elementor-element elementor-element-1e2ed6b elementor-widget elementor-widget-heading\" data-id=\"1e2ed6b\" data-element_type=\"widget\" data-widget_type=\"heading.default\">\n\t\t\t\t<div class=\"elementor-widget-container\">\n\t\t\t<p class=\"elementor-heading-title elementor-size-default\">antra.boca@gmail.com<\/p>\t\t<\/div>\n\t\t\t\t<\/div>\n\t\t\t\t<\/div>\n\t\t\t\t<\/div>\n\t\t\t\t\t\t<\/div>\n\t\t\t\t<div data-elementor-type=\"loop-item\" data-elementor-id=\"6061\" class=\"elementor elementor-6061 e-loop-item e-loop-item-5923 post-5923 profils type-profils status-publish has-post-thumbnail hentry profila-tips-valdes-loceklis\" data-elementor-post-type=\"elementor_library\" data-custom-edit-handle=\"1\">\n\t\t\t\t\t\t<div class=\"elementor-element elementor-element-cc37230 e-con-full e-flex e-con\" data-id=\"cc37230\" data-element_type=\"container\" data-settings=\"{&quot;content_width&quot;:&quot;full&quot;,&quot;background_background&quot;:&quot;classic&quot;}\">\n\t\t\t\t<div class=\"elementor-element elementor-element-217e61d elementor-widget elementor-widget-image\" data-id=\"217e61d\" data-element_type=\"widget\" data-widget_type=\"image.default\">\n\t\t\t\t<div class=\"elementor-widget-container\">\n\t\t\t\t\t\t\t\t\t\t\t\t\t\t\t<img decoding=\"async\" src=\"https:\/\/new.ljza.lv\/wp-content\/plugins\/elementor\/assets\/images\/placeholder.png\" title=\"\" alt=\"\" loading=\"lazy\" \/>\t\t\t\t\t\t\t\t\t\t\t\t\t\t\t<\/div>\n\t\t\t\t<\/div>\n\t\t\t\t<div class=\"elementor-element elementor-element-d9b8d0e elementor-widget__width-inherit elementor-absolute elementor-widget elementor-widget-theme-post-featured-image elementor-widget-image\" data-id=\"d9b8d0e\" data-element_type=\"widget\" data-settings=\"{&quot;_position&quot;:&quot;absolute&quot;}\" data-widget_type=\"theme-post-featured-image.default\">\n\t\t\t\t<div class=\"elementor-widget-container\">\n\t\t\t\t\t\t\t\t\t\t\t\t\t\t\t\t<a href=\"https:\/\/new.ljza.lv\/en\/profils\/eduards-bakisv\/\">\n\t\t\t\t\t\t\t<img loading=\"lazy\" decoding=\"async\" width=\"160\" height=\"246\" src=\"https:\/\/new.ljza.lv\/wp-content\/uploads\/2023\/05\/Eduards_Bakis_portrait_160.jpg\" class=\"attachment-medium size-medium wp-image-5925\" alt=\"\" \/>\t\t\t\t\t\t\t\t<\/a>\n\t\t\t\t\t\t\t\t\t\t\t\t\t\t\t<\/div>\n\t\t\t\t<\/div>\n\t\t\t\t<div class=\"elementor-element elementor-element-b2effe9 elementor-widget elementor-widget-theme-post-title elementor-page-title elementor-widget-heading\" data-id=\"b2effe9\" data-element_type=\"widget\" data-widget_type=\"theme-post-title.default\">\n\t\t\t\t<div class=\"elementor-widget-container\">\n\t\t\t<h1 class=\"elementor-heading-title elementor-size-default\">Eduards Ba\u0137is<\/h1>\t\t<\/div>\n\t\t\t\t<\/div>\n\t\t<div class=\"elementor-element elementor-element-054e2ee e-con-full e-flex e-con\" data-id=\"054e2ee\" data-element_type=\"container\" data-settings=\"{&quot;content_width&quot;:&quot;full&quot;}\">\n\t\t\t\t<\/div>\n\t\t\t\t<\/div>\n\t\t\t\t\t\t<\/div>\n\t\t\t\t<div data-elementor-type=\"loop-item\" data-elementor-id=\"6061\" class=\"elementor elementor-6061 e-loop-item e-loop-item-5939 post-5939 profils type-profils status-publish has-post-thumbnail hentry profila-tips-valdes-loceklis\" data-elementor-post-type=\"elementor_library\" data-custom-edit-handle=\"1\">\n\t\t\t\t\t\t<div class=\"elementor-element elementor-element-cc37230 e-con-full e-flex e-con\" data-id=\"cc37230\" data-element_type=\"container\" data-settings=\"{&quot;content_width&quot;:&quot;full&quot;,&quot;background_background&quot;:&quot;classic&quot;}\">\n\t\t\t\t<div class=\"elementor-element elementor-element-217e61d elementor-widget elementor-widget-image\" data-id=\"217e61d\" data-element_type=\"widget\" data-widget_type=\"image.default\">\n\t\t\t\t<div class=\"elementor-widget-container\">\n\t\t\t\t\t\t\t\t\t\t\t\t\t\t\t<img decoding=\"async\" src=\"https:\/\/new.ljza.lv\/wp-content\/plugins\/elementor\/assets\/images\/placeholder.png\" title=\"\" alt=\"\" loading=\"lazy\" \/>\t\t\t\t\t\t\t\t\t\t\t\t\t\t\t<\/div>\n\t\t\t\t<\/div>\n\t\t\t\t<div class=\"elementor-element elementor-element-d9b8d0e elementor-widget__width-inherit elementor-absolute elementor-widget elementor-widget-theme-post-featured-image elementor-widget-image\" data-id=\"d9b8d0e\" data-element_type=\"widget\" data-settings=\"{&quot;_position&quot;:&quot;absolute&quot;}\" data-widget_type=\"theme-post-featured-image.default\">\n\t\t\t\t<div class=\"elementor-widget-container\">\n\t\t\t\t\t\t\t\t\t\t\t\t\t\t\t\t<a href=\"https:\/\/new.ljza.lv\/en\/profils\/ilze-elbere\/\">\n\t\t\t\t\t\t\t<img loading=\"lazy\" decoding=\"async\" width=\"206\" height=\"300\" src=\"https:\/\/new.ljza.lv\/wp-content\/uploads\/2021\/03\/LJZA-valde-Ilze-Elbere-crop-206x300.jpg\" class=\"attachment-medium size-medium wp-image-4056\" alt=\"\" srcset=\"https:\/\/new.ljza.lv\/wp-content\/uploads\/2021\/03\/LJZA-valde-Ilze-Elbere-crop-206x300.jpg 206w, https:\/\/new.ljza.lv\/wp-content\/uploads\/2021\/03\/LJZA-valde-Ilze-Elbere-crop-702x1024.jpg 702w, https:\/\/new.ljza.lv\/wp-content\/uploads\/2021\/03\/LJZA-valde-Ilze-Elbere-crop-768x1121.jpg 768w, https:\/\/new.ljza.lv\/wp-content\/uploads\/2021\/03\/LJZA-valde-Ilze-Elbere-crop.jpg 953w\" sizes=\"auto, (max-width: 206px) 100vw, 206px\" \/>\t\t\t\t\t\t\t\t<\/a>\n\t\t\t\t\t\t\t\t\t\t\t\t\t\t\t<\/div>\n\t\t\t\t<\/div>\n\t\t\t\t<div class=\"elementor-element elementor-element-b2effe9 elementor-widget elementor-widget-theme-post-title elementor-page-title elementor-widget-heading\" data-id=\"b2effe9\" data-element_type=\"widget\" data-widget_type=\"theme-post-title.default\">\n\t\t\t\t<div class=\"elementor-widget-container\">\n\t\t\t<h1 class=\"elementor-heading-title elementor-size-default\">Ilze Elbere<\/h1>\t\t<\/div>\n\t\t\t\t<\/div>\n\t\t<div class=\"elementor-element elementor-element-054e2ee e-con-full e-flex e-con\" data-id=\"054e2ee\" data-element_type=\"container\" data-settings=\"{&quot;content_width&quot;:&quot;full&quot;}\">\n\t\t\t\t<\/div>\n\t\t\t\t<\/div>\n\t\t\t\t\t\t<\/div>\n\t\t\t\t<div data-elementor-type=\"loop-item\" data-elementor-id=\"6061\" class=\"elementor elementor-6061 e-loop-item e-loop-item-5940 post-5940 profils type-profils status-publish has-post-thumbnail hentry profila-tips-valdes-loceklis\" data-elementor-post-type=\"elementor_library\" data-custom-edit-handle=\"1\">\n\t\t\t\t\t\t<div class=\"elementor-element elementor-element-cc37230 e-con-full e-flex e-con\" data-id=\"cc37230\" data-element_type=\"container\" data-settings=\"{&quot;content_width&quot;:&quot;full&quot;,&quot;background_background&quot;:&quot;classic&quot;}\">\n\t\t\t\t<div class=\"elementor-element elementor-element-217e61d elementor-widget elementor-widget-image\" data-id=\"217e61d\" data-element_type=\"widget\" data-widget_type=\"image.default\">\n\t\t\t\t<div class=\"elementor-widget-container\">\n\t\t\t\t\t\t\t\t\t\t\t\t\t\t\t<img decoding=\"async\" src=\"https:\/\/new.ljza.lv\/wp-content\/plugins\/elementor\/assets\/images\/placeholder.png\" title=\"\" alt=\"\" loading=\"lazy\" \/>\t\t\t\t\t\t\t\t\t\t\t\t\t\t\t<\/div>\n\t\t\t\t<\/div>\n\t\t\t\t<div class=\"elementor-element elementor-element-d9b8d0e elementor-widget__width-inherit elementor-absolute elementor-widget elementor-widget-theme-post-featured-image elementor-widget-image\" data-id=\"d9b8d0e\" data-element_type=\"widget\" data-settings=\"{&quot;_position&quot;:&quot;absolute&quot;}\" data-widget_type=\"theme-post-featured-image.default\">\n\t\t\t\t<div class=\"elementor-widget-container\">\n\t\t\t\t\t\t\t\t\t\t\t\t\t\t\t\t<a href=\"https:\/\/new.ljza.lv\/en\/profils\/matiss-reinfelds\/\">\n\t\t\t\t\t\t\t<img loading=\"lazy\" decoding=\"async\" width=\"234\" height=\"300\" src=\"https:\/\/new.ljza.lv\/wp-content\/uploads\/2022\/04\/Matiss-Reinfelds-234x300.jpg\" class=\"attachment-medium size-medium wp-image-4209\" alt=\"\" srcset=\"https:\/\/new.ljza.lv\/wp-content\/uploads\/2022\/04\/Matiss-Reinfelds-234x300.jpg 234w, https:\/\/new.ljza.lv\/wp-content\/uploads\/2022\/04\/Matiss-Reinfelds-798x1024.jpg 798w, https:\/\/new.ljza.lv\/wp-content\/uploads\/2022\/04\/Matiss-Reinfelds-768x985.jpg 768w, https:\/\/new.ljza.lv\/wp-content\/uploads\/2022\/04\/Matiss-Reinfelds-1198x1536.jpg 1198w, https:\/\/new.ljza.lv\/wp-content\/uploads\/2022\/04\/Matiss-Reinfelds.jpg 1257w\" sizes=\"auto, (max-width: 234px) 100vw, 234px\" \/>\t\t\t\t\t\t\t\t<\/a>\n\t\t\t\t\t\t\t\t\t\t\t\t\t\t\t<\/div>\n\t\t\t\t<\/div>\n\t\t\t\t<div class=\"elementor-element elementor-element-b2effe9 elementor-widget elementor-widget-theme-post-title elementor-page-title elementor-widget-heading\" data-id=\"b2effe9\" data-element_type=\"widget\" data-widget_type=\"theme-post-title.default\">\n\t\t\t\t<div class=\"elementor-widget-container\">\n\t\t\t<h1 class=\"elementor-heading-title elementor-size-default\">Mat\u012bss Reinfelds<\/h1>\t\t<\/div>\n\t\t\t\t<\/div>\n\t\t<div class=\"elementor-element elementor-element-054e2ee e-con-full e-flex e-con\" data-id=\"054e2ee\" data-element_type=\"container\" data-settings=\"{&quot;content_width&quot;:&quot;full&quot;}\">\n\t\t\t\t<\/div>\n\t\t\t\t<\/div>\n\t\t\t\t\t\t<\/div>\n\t\t\t\t<div data-elementor-type=\"loop-item\" data-elementor-id=\"6061\" class=\"elementor elementor-6061 e-loop-item e-loop-item-5941 post-5941 profils type-profils status-publish has-post-thumbnail hentry profila-tips-valdes-loceklis\" data-elementor-post-type=\"elementor_library\" data-custom-edit-handle=\"1\">\n\t\t\t\t\t\t<div class=\"elementor-element elementor-element-cc37230 e-con-full e-flex e-con\" data-id=\"cc37230\" data-element_type=\"container\" data-settings=\"{&quot;content_width&quot;:&quot;full&quot;,&quot;background_background&quot;:&quot;classic&quot;}\">\n\t\t\t\t<div class=\"elementor-element elementor-element-217e61d elementor-widget elementor-widget-image\" data-id=\"217e61d\" data-element_type=\"widget\" data-widget_type=\"image.default\">\n\t\t\t\t<div class=\"elementor-widget-container\">\n\t\t\t\t\t\t\t\t\t\t\t\t\t\t\t<img decoding=\"async\" src=\"https:\/\/new.ljza.lv\/wp-content\/plugins\/elementor\/assets\/images\/placeholder.png\" title=\"\" alt=\"\" loading=\"lazy\" \/>\t\t\t\t\t\t\t\t\t\t\t\t\t\t\t<\/div>\n\t\t\t\t<\/div>\n\t\t\t\t<div class=\"elementor-element elementor-element-d9b8d0e elementor-widget__width-inherit elementor-absolute elementor-widget elementor-widget-theme-post-featured-image elementor-widget-image\" data-id=\"d9b8d0e\" data-element_type=\"widget\" data-settings=\"{&quot;_position&quot;:&quot;absolute&quot;}\" data-widget_type=\"theme-post-featured-image.default\">\n\t\t\t\t<div class=\"elementor-widget-container\">\n\t\t\t\t\t\t\t\t\t\t\t\t\t\t\t\t<a href=\"https:\/\/new.ljza.lv\/en\/profils\/liene-spruzeniece\/\">\n\t\t\t\t\t\t\t<img loading=\"lazy\" decoding=\"async\" width=\"206\" height=\"300\" src=\"https:\/\/new.ljza.lv\/wp-content\/uploads\/2022\/04\/Liene-Spruzeniece-206x300.jpg\" class=\"attachment-medium size-medium wp-image-4206\" alt=\"\" srcset=\"https:\/\/new.ljza.lv\/wp-content\/uploads\/2022\/04\/Liene-Spruzeniece-206x300.jpg 206w, https:\/\/new.ljza.lv\/wp-content\/uploads\/2022\/04\/Liene-Spruzeniece-704x1024.jpg 704w, https:\/\/new.ljza.lv\/wp-content\/uploads\/2022\/04\/Liene-Spruzeniece-768x1117.jpg 768w, https:\/\/new.ljza.lv\/wp-content\/uploads\/2022\/04\/Liene-Spruzeniece-1056x1536.jpg 1056w, https:\/\/new.ljza.lv\/wp-content\/uploads\/2022\/04\/Liene-Spruzeniece-1408x2048.jpg 1408w, https:\/\/new.ljza.lv\/wp-content\/uploads\/2022\/04\/Liene-Spruzeniece-scaled.jpg 1759w\" sizes=\"auto, (max-width: 206px) 100vw, 206px\" \/>\t\t\t\t\t\t\t\t<\/a>\n\t\t\t\t\t\t\t\t\t\t\t\t\t\t\t<\/div>\n\t\t\t\t<\/div>\n\t\t\t\t<div class=\"elementor-element elementor-element-b2effe9 elementor-widget elementor-widget-theme-post-title elementor-page-title elementor-widget-heading\" data-id=\"b2effe9\" data-element_type=\"widget\" data-widget_type=\"theme-post-title.default\">\n\t\t\t\t<div class=\"elementor-widget-container\">\n\t\t\t<h1 class=\"elementor-heading-title elementor-size-default\">Liene Spru\u017eeniece<\/h1>\t\t<\/div>\n\t\t\t\t<\/div>\n\t\t<div class=\"elementor-element elementor-element-054e2ee e-con-full e-flex e-con\" data-id=\"054e2ee\" data-element_type=\"container\" data-settings=\"{&quot;content_width&quot;:&quot;full&quot;}\">\n\t\t\t\t<\/div>\n\t\t\t\t<\/div>\n\t\t\t\t\t\t<\/div>\n\t\t\t\t<\/div>\n\t\t\n\t\t\t\t<\/div>\n\t\t\t\t<\/div>\n\t\t\t\t\t<\/div>\n\t\t\t\t<\/div>\n\t\t\t\t\t\t\t<\/div>","protected":false},"excerpt":{"rendered":"","protected":false},"author":6,"featured_media":0,"parent":4462,"menu_order":0,"comment_status":"closed","ping_status":"closed","template":"elementor_theme","meta":{"footnotes":""},"class_list":["post-5971","page","type-page","status-publish","hentry"],"acf":[],"_links":{"self":[{"href":"https:\/\/new.ljza.lv\/en\/wp-json\/wp\/v2\/pages\/5971","targetHints":{"allow":["GET"]}}],"collection":[{"href":"https:\/\/new.ljza.lv\/en\/wp-json\/wp\/v2\/pages"}],"about":[{"href":"https:\/\/new.ljza.lv\/en\/wp-json\/wp\/v2\/types\/page"}],"author":[{"embeddable":true,"href":"https:\/\/new.ljza.lv\/en\/wp-json\/wp\/v2\/users\/6"}],"replies":[{"embeddable":true,"href":"https:\/\/new.ljza.lv\/en\/wp-json\/wp\/v2\/comments?post=5971"}],"version-history":[{"count":10,"href":"https:\/\/new.ljza.lv\/en\/wp-json\/wp\/v2\/pages\/5971\/revisions"}],"predecessor-version":[{"id":6068,"href":"https:\/\/new.ljza.lv\/en\/wp-json\/wp\/v2\/pages\/5971\/revisions\/6068"}],"up":[{"embeddable":true,"href":"https:\/\/new.ljza.lv\/en\/wp-json\/wp\/v2\/pages\/4462"}],"wp:attachment":[{"href":"https:\/\/new.ljza.lv\/en\/wp-json\/wp\/v2\/media?parent=5971"}],"curies":[{"name":"wp","href":"https:\/\/api.w.org\/{rel}","templated":true}]}}