{"id":4808,"date":"2023-03-17T09:54:06","date_gmt":"2023-03-17T07:54:06","guid":{"rendered":"https:\/\/new.ljza.lv\/?page_id=4808"},"modified":"2023-03-18T17:38:23","modified_gmt":"2023-03-18T15:38:23","slug":"ljza-iesaka","status":"publish","type":"page","link":"https:\/\/new.ljza.lv\/en\/resursi\/ljza-iesaka\/","title":{"rendered":"LJZA Iesaka"},"content":{"rendered":"<p>Klausies raid\u012bjumus par zin\u0101tni:<\/p>\n<p>Skaties raid\u012bjumus par zin\u0101tni:<\/p>\n<p>Skaties video par zin\u0101tni:<\/p>\n<p>Lasi par zin\u0101tni:<\/p>","protected":false},"excerpt":{"rendered":"<p>Klausies raid\u012bjumus par zin\u0101tni: Skaties raid\u012bjumus par zin\u0101tni: Skaties video par zin\u0101tni: Lasi par zin\u0101tni:<\/p>","protected":false},"author":6,"featured_media":0,"parent":4462,"menu_order":0,"comment_status":"closed","ping_status":"closed","template":"","meta":{"footnotes":""},"class_list":["post-4808","page","type-page","status-publish","hentry"],"acf":[],"_links":{"self":[{"href":"https:\/\/new.ljza.lv\/en\/wp-json\/wp\/v2\/pages\/4808","targetHints":{"allow":["GET"]}}],"collection":[{"href":"https:\/\/new.ljza.lv\/en\/wp-json\/wp\/v2\/pages"}],"about":[{"href":"https:\/\/new.ljza.lv\/en\/wp-json\/wp\/v2\/types\/page"}],"author":[{"embeddable":true,"href":"https:\/\/new.ljza.lv\/en\/wp-json\/wp\/v2\/users\/6"}],"replies":[{"embeddable":true,"href":"https:\/\/new.ljza.lv\/en\/wp-json\/wp\/v2\/comments?post=4808"}],"version-history":[{"count":8,"href":"https:\/\/new.ljza.lv\/en\/wp-json\/wp\/v2\/pages\/4808\/revisions"}],"predecessor-version":[{"id":4980,"href":"https:\/\/new.ljza.lv\/en\/wp-json\/wp\/v2\/pages\/4808\/revisions\/4980"}],"up":[{"embeddable":true,"href":"https:\/\/new.ljza.lv\/en\/wp-json\/wp\/v2\/pages\/4462"}],"wp:attachment":[{"href":"https:\/\/new.ljza.lv\/en\/wp-json\/wp\/v2\/media?parent=4808"}],"curies":[{"name":"wp","href":"https:\/\/api.w.org\/{rel}","templated":true}]}}