{"id":4801,"date":"2023-03-17T09:50:24","date_gmt":"2023-03-17T07:50:24","guid":{"rendered":"https:\/\/new.ljza.lv\/?page_id=4801"},"modified":"2023-08-05T10:57:38","modified_gmt":"2023-08-05T08:57:38","slug":"biedriba","status":"publish","type":"page","link":"https:\/\/new.ljza.lv\/en\/par-ljza\/biedriba\/","title":{"rendered":"Association"},"content":{"rendered":"<p><strong>Misija<\/strong><\/p>\n<p>M\u016bsu misija ir.<\/p>\n<p>&nbsp;<\/p>\n<p><strong>LJZA v\u0113sture<\/strong><\/p>\n<p>Ideja par to, ka nepiecie\u0161ama organiz\u0101cija, kas apvienotu jaunos zin\u0101tniekus un pal\u012bdz\u0113tu risin\u0101t vi\u0146u probl\u0113mas rad\u0101s 2005. gada janv\u0101r\u012b. Pateicoties Igaunijas jauno zin\u0101tnieku akad\u0113mijas vad\u012bt\u0101jam Inese Sviesti\u0146a un J\u0101nis Ja\u0161ko uzs\u0101ka darbu pie Latvijas doktorantu apvien\u012bbas izveides. P\u0113c vair\u0101k\u0101m tik\u0161an\u0101s reiz\u0113m ar citiem akt\u012bvistiem tika nolemts veidot pla\u0161\u0101ku organiz\u0101ciju ar nosaukumu Latvijas Jauno Zin\u0101tnieku apvien\u012bba, kas apvienotu ma\u0123istrat\u016bras un doktorant\u016bras studentus, kas akt\u012bvi veic zin\u0101tnisko darb\u012bbu.<\/p>\n<p>T\u0101 2005. gada 8. decembr\u012b norisin\u0101j\u0101s LJZA dibin\u0101\u0161anas sapulce, kur\u0101 piedal\u012bj\u0101s 24 jaunie zin\u0101tnieki. 2006. gada 19. janv\u0101r\u012b apvien\u012bba tiek re\u0123istr\u0113ta Latvijas Republikas Biedr\u012bbu un nodibin\u0101jumu re\u0123istr\u0101 un ieg\u016bst re\u0123istr\u0101cijas numuru 40008097922. Kop\u0161 \u0161\u012b br\u012b\u017ea, LJZA ir ofici\u0101l\u0101 doktorantu un jauno zin\u0101tnieku organiz\u0101cija Latvij\u0101 un akt\u012bvi iesaist\u0101s dialog\u0101 ar augstskol\u0101m un valsts instit\u016bcij\u0101m par jauno zin\u0101tnieku probl\u0113m\u0101m Latvij\u0101.<\/p>\n<p>2006. gada febru\u0101r\u012b LJZA tiek uz\u0146emta Eurodoc (<em>European Council of doctoral candidates and young researchers<\/em>) un k\u013c\u016bst par WAYS (<em>World Academy of Young Scientists<\/em>) re\u0123ion\u0101lo organiz\u0101ciju Latvij\u0101.<\/p>\n<p><a href=\"https:\/\/lv.wikipedia.org\/wiki\/Latvijas_Jauno_zin%C4%81tnieku_apvien%C4%ABba\" target=\"_blank\" rel=\"noopener\"><em>Wikipedia<\/em> ieraksts par LJZA<\/a>.<\/p>\n<p><strong>Sabiedrisk\u0101 labuma organiz\u0101cijas statuss<\/strong><\/p>\n<p>Test translation<\/p>","protected":false},"excerpt":{"rendered":"<p>Misija M\u016bsu misija ir. &nbsp; LJZA v\u0113sture Ideja par to, ka nepiecie\u0161ama organiz\u0101cija, kas apvienotu jaunos zin\u0101tniekus un pal\u012bdz\u0113tu risin\u0101t vi\u0146u probl\u0113mas rad\u0101s 2005. gada janv\u0101r\u012b. Pateicoties Igaunijas jauno zin\u0101tnieku akad\u0113mijas vad\u012bt\u0101jam Inese Sviesti\u0146a un J\u0101nis Ja\u0161ko uzs\u0101ka darbu pie Latvijas doktorantu apvien\u012bbas izveides. P\u0113c vair\u0101k\u0101m tik\u0161an\u0101s reiz\u0113m ar citiem akt\u012bvistiem tika nolemts veidot pla\u0161\u0101ku [&hellip;]<\/p>","protected":false},"author":6,"featured_media":0,"parent":2,"menu_order":0,"comment_status":"closed","ping_status":"closed","template":"","meta":{"footnotes":""},"class_list":["post-4801","page","type-page","status-publish","hentry"],"acf":[],"_links":{"self":[{"href":"https:\/\/new.ljza.lv\/en\/wp-json\/wp\/v2\/pages\/4801","targetHints":{"allow":["GET"]}}],"collection":[{"href":"https:\/\/new.ljza.lv\/en\/wp-json\/wp\/v2\/pages"}],"about":[{"href":"https:\/\/new.ljza.lv\/en\/wp-json\/wp\/v2\/types\/page"}],"author":[{"embeddable":true,"href":"https:\/\/new.ljza.lv\/en\/wp-json\/wp\/v2\/users\/6"}],"replies":[{"embeddable":true,"href":"https:\/\/new.ljza.lv\/en\/wp-json\/wp\/v2\/comments?post=4801"}],"version-history":[{"count":15,"href":"https:\/\/new.ljza.lv\/en\/wp-json\/wp\/v2\/pages\/4801\/revisions"}],"predecessor-version":[{"id":6343,"href":"https:\/\/new.ljza.lv\/en\/wp-json\/wp\/v2\/pages\/4801\/revisions\/6343"}],"up":[{"embeddable":true,"href":"https:\/\/new.ljza.lv\/en\/wp-json\/wp\/v2\/pages\/2"}],"wp:attachment":[{"href":"https:\/\/new.ljza.lv\/en\/wp-json\/wp\/v2\/media?parent=4801"}],"curies":[{"name":"wp","href":"https:\/\/api.w.org\/{rel}","templated":true}]}}