{"id":3830,"date":"2020-03-25T18:49:20","date_gmt":"2020-03-25T16:49:20","guid":{"rendered":"http:\/\/ljza.lv\/?page_id=3830"},"modified":"2020-03-26T06:50:45","modified_gmt":"2020-03-26T04:50:45","slug":"ljza-iesaka","status":"publish","type":"page","link":"https:\/\/new.ljza.lv\/en\/par-ljza\/ljza-iesaka\/","title":{"rendered":"LJZA iesaka"},"content":{"rendered":"<p>Klausies raid\u012bjumus par zin\u0101tni:<\/p>\n<ul>\n<li><a href=\"https:\/\/replay.lsm.lv\/lv\/raidijums\/857\/zinatnes-varda\" rel=\"noopener noreferrer\" target=\"_blank\">Raid\u012bjums &#8220;Zin\u0101tnes v\u0101rd\u0101&#8221; (2x m\u0113nes\u012b)<\/a><\/li>\n<li><a href=\"https:\/\/lr1.lsm.lv\/lv\/lr1\/raidijumi\/zinamais-nezinamaja\/\" rel=\"noopener noreferrer\" target=\"_blank\">Raid\u012bjums &#8220;Zin\u0101mais nezin\u0101maj\u0101&#8221; (4x ned\u0113\u013c\u0101)<\/a><\/li>\n<li><a href=\"https:\/\/lr2.lsm.lv\/lv\/lr2\/raidijumi\/nakotnes-pietura\/\" rel=\"noopener noreferrer\" target=\"_blank\">Raid\u012bjums &#8220;N\u0101kotnes pietura&#8221; (1x ned\u0113\u013c\u0101)<\/a><\/li>\n<li><a href=\"https:\/\/www.pieci.lv\/lv\/lr1\/raidijumi\/ritdiena-isuma\/\" rel=\"noopener noreferrer\" target=\"_blank\">Raid\u012bjums &#8220;R\u012btdiena \u012bsum\u0101&#8221; (1x ned\u0113\u013c\u0101)<\/a><\/li>\n<li><a href=\"https:\/\/open.spotify.com\/show\/2zqKrYgtQ72I7iS0ZvtU0G\" rel=\"noopener noreferrer\" target=\"_blank\">Satori podk\u0101sts &#8220;Sargiet galvas&#8221; (1x m\u0113nes\u012b)<\/a> un <a href=\"https:\/\/satorilv.podbean.com\/e\/1-sargiet-galvas-farmaceitiskas-biologijas-profesore-una-riekstina-par-cilmes-sunam-un-muzigo-dzivi\/\" rel=\"noopener noreferrer\" target=\"_blank\">https:\/\/satorilv.podbean.com\/e\/1-sargiet-galvas-farmaceitiskas-biologijas-profesore-una-riekstina-par-cilmes-sunam-un-muzigo-dzivi\/<\/a><\/li>\n<li><a href=\"https:\/\/replay.lsm.lv\/lv\/raidijums\/901\/almamaterlv\" rel=\"noopener noreferrer\" target=\"_blank\">Raid\u012bjums &#8220;Almamater.lv&#8221; (se\u0161as s\u0113rijas)<\/a><\/li>\n<\/ul>\n<p>Skaties raid\u012bjumus par zin\u0101tni:<\/p>\n<ul>\n<li><a href=\"https:\/\/ltv.lsm.lv\/lv\/dokumentalie\/izzinas-impulss\/\" rel=\"noopener noreferrer\" target=\"_blank\">Raid\u012bjums &#8220;Izzi\u0146as impulss&#8221; (10 TV s\u0113rijas)<\/a><\/li>\n<\/ul>\n<p>Skaties video par zin\u0101tni: <\/p>\n<ul>\n<li><a href=\"https:\/\/www.youtube.com\/channel\/UCoENIsymfMgyQnNZxlR-QCw\/videos\" rel=\"noopener noreferrer\" target=\"_blank\">&#8220;Zin\u0101tne Latvijai&#8221; youtube kan\u0101ls<\/a><\/li>\n<li><a href=\"https:\/\/www.youtube.com\/watch?v=fOWUu4bvh0I&#038;list=PLymB9KFvY5xC_MGwNyGy-2DUGyCJi3NlL\" rel=\"noopener noreferrer\" target=\"_blank\">Programmas &#8220;Apv\u0101rsnis 2020&#8221; projektu dal\u012bbnieku pieredzes st\u0101sti<\/a><\/li>\n<\/ul>\n<p>Lasi par zin\u0101tni: <\/p>\n<ul>\n<li><a href=\"https:\/\/www.ilustretazinatne.lv\" rel=\"noopener noreferrer\" target=\"_blank\">\u017durn\u0101ls &#8220;Ilustr\u0113t\u0101 zin\u0101tne&#8221;<\/a><\/li>\n<li><a href=\"https:\/\/www.delfi.lv\/campus\/\" rel=\"noopener noreferrer\" target=\"_blank\">Delfi Campus<\/a><\/li>\n<li><a href=\"https:\/\/www.tvnet.lv\/section\/4281\" rel=\"noopener noreferrer\" target=\"_blank\">TVnet sada\u013ca &#8220;Zin\u0101tne&#8221;<\/a><\/li>\n<li><a href=\"https:\/\/www.apollo.lv\/section\/4452\" rel=\"noopener noreferrer\" target=\"_blank\">Apollo sada\u013ca &#8220;Zin\u0101tne&#8221;<\/a><\/li>\n<li><a href=\"http:\/\/www.lza.lv\/index.php?option=com_content&#038;task=blogcategory&#038;id=381&#038;Itemid=243\" rel=\"noopener noreferrer\" target=\"_blank\">Latvijas Zin\u0101t\u0146u akad\u0113mijas izdotais laikraksts &#8220;Zin\u0101tnes v\u0113stnesis&#8221;<\/a><\/li>\n<\/ul>","protected":false},"excerpt":{"rendered":"<p>Klausies raid\u012bjumus par zin\u0101tni: Raid\u012bjums &#8220;Zin\u0101tnes v\u0101rd\u0101&#8221; (2x m\u0113nes\u012b) Raid\u012bjums &#8220;Zin\u0101mais nezin\u0101maj\u0101&#8221; (4x ned\u0113\u013c\u0101) Raid\u012bjums &#8220;N\u0101kotnes pietura&#8221; (1x ned\u0113\u013c\u0101) Raid\u012bjums &#8220;R\u012btdiena \u012bsum\u0101&#8221; (1x ned\u0113\u013c\u0101) Satori podk\u0101sts &#8220;Sargiet galvas&#8221; (1x m\u0113nes\u012b) un https:\/\/satorilv.podbean.com\/e\/1-sargiet-galvas-farmaceitiskas-biologijas-profesore-una-riekstina-par-cilmes-sunam-un-muzigo-dzivi\/ Raid\u012bjums &#8220;Almamater.lv&#8221; (se\u0161as s\u0113rijas) Skaties raid\u012bjumus par zin\u0101tni: Raid\u012bjums &#8220;Izzi\u0146as impulss&#8221; (10 TV s\u0113rijas) Skaties video par zin\u0101tni: &#8220;Zin\u0101tne Latvijai&#8221; youtube kan\u0101ls Programmas [&hellip;]<\/p>","protected":false},"author":1,"featured_media":0,"parent":2,"menu_order":9,"comment_status":"closed","ping_status":"closed","template":"","meta":{"footnotes":""},"class_list":["post-3830","page","type-page","status-publish","hentry"],"acf":[],"_links":{"self":[{"href":"https:\/\/new.ljza.lv\/en\/wp-json\/wp\/v2\/pages\/3830","targetHints":{"allow":["GET"]}}],"collection":[{"href":"https:\/\/new.ljza.lv\/en\/wp-json\/wp\/v2\/pages"}],"about":[{"href":"https:\/\/new.ljza.lv\/en\/wp-json\/wp\/v2\/types\/page"}],"author":[{"embeddable":true,"href":"https:\/\/new.ljza.lv\/en\/wp-json\/wp\/v2\/users\/1"}],"replies":[{"embeddable":true,"href":"https:\/\/new.ljza.lv\/en\/wp-json\/wp\/v2\/comments?post=3830"}],"version-history":[{"count":3,"href":"https:\/\/new.ljza.lv\/en\/wp-json\/wp\/v2\/pages\/3830\/revisions"}],"predecessor-version":[{"id":3839,"href":"https:\/\/new.ljza.lv\/en\/wp-json\/wp\/v2\/pages\/3830\/revisions\/3839"}],"up":[{"embeddable":true,"href":"https:\/\/new.ljza.lv\/en\/wp-json\/wp\/v2\/pages\/2"}],"wp:attachment":[{"href":"https:\/\/new.ljza.lv\/en\/wp-json\/wp\/v2\/media?parent=3830"}],"curies":[{"name":"wp","href":"https:\/\/api.w.org\/{rel}","templated":true}]}}