{"id":14,"date":"2012-03-07T13:39:19","date_gmt":"2012-03-07T11:39:19","guid":{"rendered":"http:\/\/itnt.lv\/a\/?page_id=14"},"modified":"2023-05-05T11:15:48","modified_gmt":"2023-05-05T09:15:48","slug":"doktoranturas-celvedis","status":"publish","type":"page","link":"https:\/\/new.ljza.lv\/en\/resursi\/doktoranturas-celvedis\/","title":{"rendered":"Doktorant\u016bras ce\u013cvedis"},"content":{"rendered":"<p><span style=\"font-weight: 400;\">Iest\u0101joties doktorant\u016br\u0101, Tu k\u013c\u016bsti par da\u013cu no komandas, kura str\u0101d\u0101 ar m\u0113r\u0137i izprast aktu\u0101los izaicin\u0101jumus sabiedr\u012bb\u0101 un sniegt savu ieguld\u012bjumu to risin\u0101\u0161an\u0101. \u0145em v\u0113r\u0101, ka doktorant\u016bras studijas un pieredze da\u017e\u0101d\u0101s augstskol\u0101s var b\u016bt at\u0161\u0137ir\u012bga. Turkl\u0101t p\u0113c doktora gr\u0101da ieg\u016b\u0161anas Tu vari sevi profesion\u0101li att\u012bst\u012bt gan akad\u0113miskaj\u0101 vid\u0113, gan str\u0101d\u0101jot da\u017e\u0101dos uz\u0146\u0113mumos, valsts iest\u0101d\u0113s un organiz\u0101cij\u0101s. Atrodi savu ce\u013cu!<\/span><\/p>\n<p><b><i>Pirms iest\u0101\u0161an\u0101s doktorant\u016br\u0101\u00a0<\/i><\/b><\/p>\n<ul>\n<li style=\"font-weight: 400;\" aria-level=\"1\"><b>Noskaidro, kas ir aktu\u0101ls Tevi interes\u0113jo\u0161\u0101 p\u0113tniec\u012bbas nozar\u0113.<\/b><span style=\"font-weight: 400;\"> P\u0113t\u012bjuma ideju un p\u0113c\u0101k ar\u012b t\u0113mu noformul\u0113t var b\u016bt izaicino\u0161i. Uzzini par priorit\u0101rajiem virzieniem zin\u0101tn\u0113 un aktualit\u0101t\u0113m nozar\u0113. Iedvesmu var g\u016bt ar\u012b konferenc\u0113s un citos zin\u0101tniskajos pas\u0101kumos. Turkl\u0101t atceries las\u012bt jaunus zin\u0101tniskus rakstus.<\/span><\/li>\n<li style=\"font-weight: 400;\" aria-level=\"1\"><b>Izv\u0113lies studiju programmu.<\/b><span style=\"font-weight: 400;\"> Doktorant\u016bras studij\u0101m pieteikties vari Latvij\u0101 vai \u0101rvalst\u012bs. Izp\u0113ti pied\u0101v\u0101t\u0101s studiju programmas atbilsto\u0161i nozarei, noskaidro uz\u0146em\u0161anas krit\u0113rijus un nepiecie\u0161amo dokument\u0101ciju. Katrai programmai var b\u016bt at\u0161\u0137ir\u012bgi nosac\u012bjumi, lai ieg\u016btu doktora gr\u0101du.\u00a0<\/span><\/li>\n<li style=\"font-weight: 400;\" aria-level=\"1\"><b>Atrodi promocijas darba vad\u012bt\u0101ju.<\/b><span style=\"font-weight: 400;\"> Doktorant\u016bra no ma\u0123istra studij\u0101m at\u0161\u0137iras ar to, ka darba vad\u012bt\u0101ju Tu satiec pirms studiju uzs\u0101k\u0161anas. Par to, k\u0101 izv\u0113l\u0113ties darba vad\u012bt\u0101ju, vair\u0101k lasi <\/span><span style=\"font-weight: 400;\">\u0161eit: (saite)<\/span><\/li>\n<li style=\"font-weight: 400;\" aria-level=\"1\"><b>Izstr\u0101d\u0101 un aizst\u0101vi pieteikumu. <\/b><span style=\"font-weight: 400;\">Sadarb\u012bb\u0101 ar darba vad\u012bt\u0101ju, izstr\u0101d\u0101 promocijas darba pieteikumu, kur\u0101 tiek iek\u013cauta t\u0113ma, m\u0113r\u0137is, hipot\u0113zes, p\u0113t\u012bjuma novit\u0101te, teoriju un meto\u017eu apraksts. P\u0113tniec\u012bbas gait\u0101 nereti rodas nepl\u0101noti izaicin\u0101jumi, bet jau, pieteikumu izstr\u0101d\u0101jot, j\u0101b\u016bt v\u012bzijai, kas var\u0113tu sag\u0101d\u0101t liel\u0101k\u0101s gr\u016bt\u012bbas un k\u0101 t\u0101s tiks risin\u0101tas. Katras programmas pieteikuma veidlapa var at\u0161\u0137irties, t\u0101p\u0113c par to interes\u0113jies sav\u0101 studiju programm\u0101.\u00a0<\/span><\/li>\n<\/ul>\n<p><b><i>K\u0101 izv\u0113l\u0113ties promocijas darba vad\u012bt\u0101ju?<\/i><\/b><\/p>\n<ul>\n<li style=\"font-weight: 400;\" aria-level=\"1\"><b>Darba vad\u012bt\u0101ja ekspert\u012bze. <\/b><span style=\"font-weight: 400;\">Izp\u0113ti, k\u0101das ir potenci\u0101l\u0101 darba vad\u012bt\u0101ja galven\u0101s p\u0113t\u012bjumu t\u0113mas un zin\u0101tnisk\u0101s intereses.\u00a0<\/span><\/li>\n<li style=\"font-weight: 400;\" aria-level=\"1\"><b>Apzini iesp\u0113jamo darba vad\u012bt\u0101ju reput\u0101ciju. <\/b><span style=\"font-weight: 400;\">Uzzini, vai potenci\u0101lajam darba vad\u012bt\u0101jam ir jaunas zin\u0101tnisk\u0101s publik\u0101cijas izv\u0113l\u0113taj\u0101 t\u0113m\u0101 un starptautiskie sadarb\u012bbas partneri. \u0160\u0101du inform\u0101ciju var atrast <\/span><i><span style=\"font-weight: 400;\">Google Scholar<\/span><\/i><span style=\"font-weight: 400;\">, <\/span><i><span style=\"font-weight: 400;\">Web of Science<\/span><\/i><span style=\"font-weight: 400;\">, <\/span><i><span style=\"font-weight: 400;\">Scopus un ResearchGate <\/span><\/i><span style=\"font-weight: 400;\">datu b\u0101z\u0113s. Noskaidro, vai potenci\u0101lais darba vad\u012bt\u0101js piedal\u0101s starptautisk\u0101s zin\u0101tniskaj\u0101s konferenc\u0113s un iev\u0113ro akad\u0113misk\u0101 god\u012bguma principus. Ja ir iesp\u0113ja, ieg\u016bsti atsauksmes, piem\u0113ram, sazinies ar eso\u0161ajiem vai biju\u0161ajiem doktorantiem.\u00a0<\/span><\/li>\n<li style=\"font-weight: 400;\" aria-level=\"1\"><b>Sarun\u0101 tik\u0161anos ar potenci\u0101lo darba vad\u012bt\u0101ju<\/b><span style=\"font-weight: 400;\">. P\u0101rrun\u0101 aktu\u0101l\u0101s zin\u0101tnisk\u0101s intereses un p\u0113tniec\u012bbas t\u0113mas. Turkl\u0101t <\/span><span style=\"font-weight: 400;\">noskaidro, vai potenci\u0101lais darba vad\u012bt\u0101js \u0161obr\u012bd ir iesaist\u012bts k\u0101d\u0101 zin\u0101tniskaj\u0101 projekt\u0101, p\u0101rrun\u0101 savas iesp\u0113jas l\u012bdzdarboties un izstr\u0101d\u0101t promocijas darbu noteikta projekta ietvaros. Uzzini, vai b\u016bs pieejams finans\u0113jums starptautisku zin\u0101tnisku konferen\u010du apmekl\u0113\u0161anai, zin\u0101tnisku rakstu public\u0113\u0161anas izmaksu seg\u0161anai un p\u0113t\u012bjumam nepiecie\u0161amo datu ieguvei.\u00a0<\/span><\/li>\n<\/ul>\n<p>&nbsp;<\/p>\n<p><b><i>K\u0101 veiksm\u012bgi uzs\u0101kt doktorant\u016bru?\u00a0<\/i><\/b><\/p>\n<ul>\n<li style=\"font-weight: 400;\" aria-level=\"1\"><b>Vienojies ar darba vad\u012bt\u0101ju par sadarb\u012bbas formu<\/b><span style=\"font-weight: 400;\">. Saska\u0146ojiet komunik\u0101cijas kan\u0101lus, tik\u0161an\u0101s regularit\u0101ti, izveidojiet darba pl\u0101nu un nosakiet termi\u0146us. Esi akt\u012bvs, uz\u0146emies atbild\u012bbu par sava projekta virz\u012bbu un veido cie\u0146pilnas attiec\u012bbas.\u00a0<\/span><\/li>\n<li style=\"font-weight: 400;\" aria-level=\"1\"><b>Noskaidro, k\u0101di studiju kursi ir j\u0101apg\u016bst un j\u0101doc\u0113.<\/b><span style=\"font-weight: 400;\"> Noskaidro jau laikus, vai doc\u0113\u0161ana b\u016bs atalgota un k\u0101da b\u016bs paredzam\u0101 slodze. Turkl\u0101t ir svar\u012bgi uzzin\u0101t, k\u0101dus promocijas eks\u0101menus ir nepiecie\u0161ams nok\u0101rtot, lai pabeigtu doktorant\u016bras studijas.<\/span><\/li>\n<li style=\"font-weight: 400;\" aria-level=\"1\"><b>Att\u012bsti un regul\u0101ri pilnveido savas zin\u0101tnisk\u0101s rakst\u012b\u0161anas prasmes<\/b><span style=\"font-weight: 400;\">. Ja ir iesp\u0113jams, apmekl\u0113 akad\u0113misk\u0101s rakst\u012b\u0161anas kursus, piedalies koprakst\u012b\u0161anas sesij\u0101s. Apzini un atbild\u012bgi izmanto jaun\u0101kos Inform\u0101cijas tehnolo\u0123iju r\u012bkus, kas var pal\u012bdz\u0113t rakst\u012b\u0161anas proces\u0101. Tie ir atsau\u010du format\u0113\u0161anas r\u012bki (piem\u0113ram, <\/span><i><span style=\"font-weight: 400;\">Mendeley<\/span><\/i><span style=\"font-weight: 400;\">, <\/span><i><span style=\"font-weight: 400;\">Zotero<\/span><\/i><span style=\"font-weight: 400;\">, <\/span><i><span style=\"font-weight: 400;\">EndNote<\/span><\/i><span style=\"font-weight: 400;\">), rakst\u012b\u0161anas uzlabo\u0161anas r\u012bki (piem\u0113ram, <\/span><i><span style=\"font-weight: 400;\">Grammarly<\/span><\/i><span style=\"font-weight: 400;\">, <\/span><i><span style=\"font-weight: 400;\">ChatGTP<\/span><\/i><span style=\"font-weight: 400;\">), inform\u0101cijas atlases un mekl\u0113\u0161anas r\u012bki (piem\u0113ram, <\/span><i><span style=\"font-weight: 400;\">Research Rabbit<\/span><\/i><span style=\"font-weight: 400;\">) u.c.\u00a0\u00a0<\/span><\/li>\n<li style=\"font-weight: 400;\" aria-level=\"1\"><b>Izveido un uzturi p\u0113tnieka dienasgr\u0101matu<\/b><span style=\"font-weight: 400;\">. Atz\u012bm\u0113, kas ir paveikts, reflekt\u0113 par to, kas ir un nav izdevies, ko jaunu iem\u0101c\u012bjies, izvirzi n\u0101kamos paveicamos m\u0113r\u0137us un uzdevumus. \u0160\u0101da dienasgr\u0101mata pal\u012bdz\u0113s sekot l\u012bdzi progresam, m\u0101c\u012bties no k\u013c\u016bd\u0101m un m\u0113r\u0137tiec\u012bgi virz\u012bties uz priek\u0161u.\u00a0<\/span><\/li>\n<\/ul>\n<p>&nbsp;<\/p>\n<p><b><i>K\u0101 pan\u0101kt uzr\u0101vienu doktorant\u016br\u0101?<\/i><\/b><span style=\"font-weight: 400;\">\u00a0<\/span><\/p>\n<p><span style=\"font-weight: 400;\">Profesion\u0101lo kontaktu loka veido\u0161ana un uztur\u0113\u0161ana, k\u0101 ar\u012b atpaz\u012bstam\u012bbas veicin\u0101\u0161ana pal\u012bdz\u0113s Tev piln\u0101 m\u0113r\u0101 sasniegt savu p\u0113tnieka potenci\u0101lu. K\u0101? Skaties zem\u0101k.\u00a0<\/span><\/p>\n<p><b>Izveido un uzturi profesion\u0101lo profilu soci\u0101lajos t\u012bklos.<\/b><span style=\"font-weight: 400;\"> Ja v\u0113l neizmanto soci\u0101lo mediju platformas darba un p\u0113tniec\u012bbas vajadz\u012bb\u0101m, apsver iesp\u0113ju izveidot savu profesion\u0101lo profilu. Zin\u0101tnieki un p\u0113tnieki izmanto soci\u0101lo mediju platformas, lai dal\u012btos ar sav\u0101m atzi\u0146\u0101m un p\u0113t\u012bjumu rezult\u0101tiem, sazin\u0101tos ar kol\u0113\u0123iem un uzzin\u0101tu par aktualit\u0101t\u0113m. Piem\u0113ri \u0161\u012bm platform\u0101m ir <\/span><i><span style=\"font-weight: 400;\">ResearchGate<\/span><\/i><span style=\"font-weight: 400;\">, <\/span><i><span style=\"font-weight: 400;\">Twitter<\/span><\/i><span style=\"font-weight: 400;\"> un <\/span><i><span style=\"font-weight: 400;\">LinkedIn<\/span><\/i><span style=\"font-weight: 400;\">. Turkl\u0101t vari izveidot savu m\u0101jaslapu vai blogu. Regul\u0101ri atjauno inform\u0101ciju savos profilos, lai tie satur\u0113tu jaun\u0101ko inform\u0101ciju par darba pieredzi, izgl\u012bt\u012bbu u.c. aktualit\u0101t\u0113m.<\/span><\/p>\n<p><span style=\"font-weight: 400;\">Izveido ORCID (Open Researcher and Contributor ID) profilu un ORCID ID. ORCID ID ir unik\u0101ls digit\u0101lais <\/span><span style=\"font-weight: 400;\">p\u0113tnieka <\/span><span style=\"font-weight: 400;\">identifikators. To var ieteicams nor\u0101d\u012bt, iesniedzot zin\u0101tnisko rakstu \u017eurn\u0101l\u0101. ORCID profilu var ar\u012b savienot ar Scopus profilu. \u0160\u0101d\u0101 veid\u0101 iesp\u0113jams viegli un dro\u0161i dal\u012bties ar savu inform\u0101ciju, piem\u0113ram, re\u0123istr\u0113joties k\u0101 autoram da\u017e\u0101du zin\u0101tnisko \u017eurn\u0101lu rakstu iesnieg\u0161anas sist\u0113m\u0101 (<\/span><i><span style=\"font-weight: 400;\">manuscript submission system<\/span><\/i><span style=\"font-weight: 400;\">).<\/span><\/p>\n<p><b>Iesaisties profesion\u0101laj\u0101s biedr\u012bb\u0101s. <\/b><span style=\"font-weight: 400;\">Apzini noz\u012bm\u012bg\u0101k\u0101s biedr\u012bbas sav\u0101 jom\u0101, tostarp ar\u012b starptautisk\u0101s, un iesaisties to darb\u012bb\u0101. \u0160aj\u0101s biedr\u012bb\u0101s Tev ir iesp\u0113ja sa\u0146emt grantus dal\u012bbai konferenc\u0113s, stipendijas, k\u0101 ar\u012b papla\u0161in\u0101t savu kontaktu loku un atrast jaunus sadarb\u012bbas partnerus. Apsver iesp\u0113ju iesaist\u012bties LJZA. T\u0101 ir \u0161obr\u012bd vien\u012bg\u0101 organiz\u0101cija Latvij\u0101, kas apvieno jaunos zin\u0101tniekus un doktorantus no da\u017e\u0101d\u0101m nozar\u0113m. LJZA biedri p\u0101rst\u0101v un aizst\u0101v savas un citu doktorantu intereses, l\u012bdzdarbojoties zin\u0101tnes att\u012bst\u012bb\u0101 Latvij\u0101, un apmain\u012bt\u0101s pieredz\u0113 ar doktorantiem un citiem jaunajiem zin\u0101tniekiem, t\u0101d\u0113j\u0101di ieg\u016bstot daudzpus\u012bgu priek\u0161statu par doktorant\u016bras norisi, sav\u0101m iesp\u0113j\u0101m un ties\u012bb\u0101m.\u00a0<\/span><\/p>\n<p><b>Piesakies stipendij\u0101m un apbalvojumiem<\/b><span style=\"font-weight: 400;\">. Doktorantiem ir pieejamas da\u017e\u0101das valsts un starptautiska m\u0113roga stipendijas un apbalvojumi. Noskaidro, k\u0101di ir pieteik\u0161an\u0101s nosac\u012bjumi un v\u0113rt\u0113\u0161anas krit\u0113riji, sagatavojies un izmanto iesp\u0113jas. \u0145em v\u0113r\u0101, ka nereti nepiecie\u0161ama vismaz viena rekomend\u0101cijas v\u0113stule. T\u0101d\u0113\u013c par saviem pl\u0101niem ir v\u0113rts laic\u012bgi vienoties ar darba vad\u012bt\u0101ju. Nep\u0101rdz\u012bvo, ja neieg\u016bsi stipendiju uzreiz. Uzlabo pieteikumu un iesniedz atk\u0101rtoti.\u00a0<\/span><\/p>\n<p><b>Zin\u0101tnisko rakstu recenz\u0113\u0161ana<\/b><span style=\"font-weight: 400;\">. Da\u017e\u0101s nozar\u0113s doktorantiem ir iesp\u0113ja k\u013c\u016bt par zin\u0101tnisko rakstu recenzentiem. Zin\u0101tnisko publik\u0101ciju recenz\u0113\u0161ana ir v\u0113rt\u012bga iesp\u0113ja uzlabot savas zin\u0101tnisk\u0101s rakst\u012b\u0161anas prasmes, iem\u0101c\u012bties sniegt konstrukt\u012bvu atgriezenisko saiti, k\u0101 ar\u012b uzzin\u0101t par jaun\u0101kaj\u0101m tendenc\u0113m Tav\u0101 p\u0113tniec\u012bbas jom\u0101. Daudzos akad\u0113miskajos \u017eurn\u0101los ir iesp\u0113ja re\u0123istr\u0113ties ne tikai k\u0101 raksta autoram, bet ar\u012b k\u0101 potenci\u0101lajam recenzentam. Turkl\u0101t recenz\u0113\u0161anas prasmes vari apg\u016bt kursos. Ir v\u0113rts nor\u0101d\u012bt kuros \u017eurn\u0101los esi recenz\u0113jis, k\u0101 ar\u012b recenziju skaitu, lai p\u0113c tam \u0161o inform\u0101ciju pievienotu savam akad\u0113miskajam CV. Mekl\u0113jot potenci\u0101los kol\u0113\u0123us un izskatot projekta pieteikumus, t\u0101 sauktais \u201c<\/span><i><span style=\"font-weight: 400;\">service to the field<\/span><\/i><span style=\"font-weight: 400;\">\u201d var tikt augsti nov\u0113rt\u0113ts. Viens no veidiem, k\u0101 \u0161o uzskaiti veikt autom\u0101tiski, ir izveidot profilu <\/span><i><span style=\"font-weight: 400;\">https:\/\/access.clarivate.com\/<\/span><\/i><span style=\"font-weight: 400;\">.<\/span><\/p>\n<p><b>Prasmju pilnveido\u0161anas pas\u0101kumi. <\/b><span style=\"font-weight: 400;\">Tajos ietilpst akad\u0113misko prasmju darbn\u012bcas, semin\u0101ri, vasaras skolas par doktorantiem un jaunajiem zin\u0101tniekiem aktu\u0101l\u0101m t\u0113m\u0101m. T\u0101 ir iesp\u0113ja topo\u0161ajiem zin\u0101tniekiem draudz\u012bg\u0101 atmosf\u0113r\u0101 iepaz\u012bstin\u0101t citus zin\u0101tniekus ar savu p\u0113t\u012bjumu, att\u012bst\u012bt sadarb\u012bbu ar citiem doktorantiem un p\u0113tniekiem, k\u0101 ar\u012b uzzin\u0101t par vi\u0146u p\u0113tniec\u012bbas un studiju pieredzi.\u00a0<\/span><\/p>\n<p><b>Pieredzes apmai\u0146as viz\u012btes <\/b><span style=\"font-weight: 400;\">\u0101rvalstu universit\u0101t\u0113s un p\u0113tniec\u012bbas instit\u016btos doktorantiem \u013cauj iepaz\u012bt studiju un p\u0113tniec\u012bbas vidi citviet pasaul\u0113. T\u0101d\u0113j\u0101di vari papla\u0161in\u0101t savas p\u0113tniec\u012bbas iesp\u0113jas un veicin\u0101t sadarb\u012bbu ar \u0101rvalstu p\u0113tniekiem.\u00a0 Piem\u0113ri starptautisk\u0101s apmai\u0146as programm\u0101m ir COST, Erasmus+, u.c.<\/span> <span style=\"font-weight: 400;\">P\u0101rrun\u0101 <\/span><span style=\"font-weight: 400;\">\u0161\u0101das <\/span><span style=\"font-weight: 400;\">iesp\u0113jas ar savu promocijas darba vad\u012bt\u0101ju.\u00a0<\/span><\/p>\n<p><b>Pas\u0101kumi un konkursi<\/b><span style=\"font-weight: 400;\">. Doktoranti var populariz\u0113t savu p\u0113tniec\u012bbas t\u0113mu, veicin\u0101t sabiedr\u012bbas izgl\u012bto\u0161anu, g\u016bt atzin\u012bbu, iesaistoties da\u017e\u0101d\u0101s aktivit\u0101t\u0113s, t\u0101d\u0101s k\u0101 zin\u0101tni populariz\u0113jo\u0161o pas\u0101kumu organiz\u0113\u0161ana, doktorant\u016bras p\u0113t\u012bjumu konkursi u.c. T\u0101d\u0113j\u0101di Tu vari att\u012bst\u012bt p\u0113tniekam b\u016btiskas prasmes, piem\u0113ram, zin\u0101tnes komunik\u0101cija, finan\u0161u un citu resursu piesaiste, darba pl\u0101no\u0161ana, sp\u0113ja sadarboties un sasniegt rezult\u0101tus, str\u0101d\u0101jot daudzveid\u012bg\u0101s komand\u0101s.\u00a0<\/span><\/p>\n<p>&nbsp;<\/p>\n<p><b><i>K\u0101 pabeigt doktorant\u016bru un ieg\u016bt doktora gr\u0101du?<\/i><\/b><\/p>\n<p><span style=\"font-weight: 400;\">Tici, \u0161is kalns ir p\u0101rvarams. \u012asum\u0101, ce\u013c\u0161 izskat\u012bsies \u0161\u0101di:\u00a0<\/span><\/p>\n<ul>\n<li style=\"font-weight: 400;\" aria-level=\"1\"><span style=\"font-weight: 400;\">Nok\u0101rto doktora studiju darba pl\u0101n\u0101 paredz\u0113tos eks\u0101menus un ieskaites, paral\u0113li str\u0101d\u0101 pie promocijas darba izstr\u0101des;<\/span><\/li>\n<li style=\"font-weight: 400;\" aria-level=\"1\"><span style=\"font-weight: 400;\">Izstr\u0101d\u0101to promocijas darbu (monogr\u0101fiju vai publik\u0101ciju kopu) iesniedz savas universit\u0101tes attiec\u012bg\u0101s nozares Promocijas padom\u0113;\u00a0<\/span><\/li>\n<li style=\"font-weight: 400;\" aria-level=\"1\"><span style=\"font-weight: 400;\">Tavs promocijas darbs p\u0113c apstiprin\u0101\u0161anas non\u0101ks Latvijas Zin\u0101t\u0146u akad\u0113mij\u0101, kur to caurskat\u012bs recenzents un pie\u0146ems l\u0113mumu par darba atbilst\u012bbu;<\/span><\/li>\n<li style=\"font-weight: 400;\" aria-level=\"1\"><span style=\"font-weight: 400;\">Publiski aizst\u0101vi promocijas darbu un ieg\u016bsti doktora zin\u0101tnisko gr\u0101du.<\/span><\/li>\n<\/ul>\n<p><span style=\"font-weight: 400;\">Pras\u012bbas promocijas darba apjomam, strukt\u016brai un noform\u0113jumam nosaka attiec\u012bg\u0101 programma. \u0145em v\u0113r\u0101, ka pras\u012bbas var b\u016bt at\u0161\u0137ir\u012bgas, t\u0101d\u0113\u013c preciz\u0113 \u0161o inform\u0101ciju sav\u0101 augstskol\u0101.\u00a0<\/span><\/p>\n<p><span style=\"font-weight: 400;\">Inform\u0101ciju mekl\u0113 \u0161eit:<\/span><\/p>\n<p><a href=\"https:\/\/likumi.lv\/ta\/id\/124787-zinatniska-doktora-grada-pieskirsanas-promocijas-kartiba-un-kriteriji\"><span style=\"font-weight: 400;\">https:\/\/likumi.lv\/ta\/id\/124787-zinatniska-doktora-grada-pieskirsanas-promocijas-kartiba-un-kriteriji<\/span><\/a><\/p>\n<p><a href=\"https:\/\/likumi.lv\/doc.php?id=107337\"><span style=\"font-weight: 400;\">https:\/\/likumi.lv\/doc.php?id=107337<\/span><\/a><\/p>\n<p>&nbsp;<\/p>\n<p><b><i>V\u0113rt\u012bgi zin\u0101t<\/i><\/b><\/p>\n<ul>\n<li style=\"font-weight: 400;\" aria-level=\"1\"><span style=\"font-weight: 400;\">Doktorant\u016bra \u2013 vienota doktora studiju programmas apguves, promocijas darba, k\u0101 ar\u012b doktora teor\u0113tisk\u0101 p\u0113t\u012bjuma un m\u0101ksliniecisk\u0101s jaunrades darba izstr\u0101des un promocijas procesa \u012bsteno\u0161ana, kas rezult\u0113jas ar doktora gr\u0101da ieg\u016b\u0161anu.<\/span><\/li>\n<li style=\"font-weight: 400;\" aria-level=\"1\"><span style=\"font-weight: 400;\">Doktorants \u2013 persona, kas imatrikul\u0113ta doktora studiju programm\u0101 <\/span><span style=\"font-weight: 400;\">un apg\u016bst doktora studiju programmu l\u012bdz pat doktora gr\u0101da ieg\u016b\u0161anai.<\/span><\/li>\n<li style=\"font-weight: 400;\" aria-level=\"1\"><span style=\"font-weight: 400;\">Doktora gr\u0101da kandid\u0101ts \u2013 persona, kura sekm\u012bgi apguvusi akredit\u0113tas doktora studiju programmas akad\u0113misko da\u013cu un sagatavojusi promocijas darbu aizst\u0101v\u0113\u0161anai vai kuras akad\u0113misk\u0101 darb\u012bba, kas veikta \u0101rpus \u0161\u012bs programmas, tiek tai piel\u012bdzin\u0101ta, iev\u0113rojot \u0161aj\u0101 programm\u0101 paredz\u0113to k\u0101rt\u012bbu un atbilsto\u0161i Ministru kabineta noteiktajiem krit\u0113rijiem, un kura ir sekm\u012bgi nok\u0101rtojusi eks\u0101menus izraudz\u012btaj\u0101 zin\u0101tnes nozar\u0113 [ZDL, 11.pants].\u00a0<\/span><\/li>\n<\/ul>\n<p>&nbsp;<\/p>\n<p><span style=\"font-weight: 400;\">Akad\u0113miskie amati:<\/span><\/p>\n<ul>\n<li style=\"font-weight: 400;\" aria-level=\"1\"><span style=\"font-weight: 400;\">asistents<\/span><\/li>\n<li style=\"font-weight: 400;\" aria-level=\"1\"><span style=\"font-weight: 400;\">lektors<\/span><\/li>\n<li style=\"font-weight: 400;\" aria-level=\"1\"><span style=\"font-weight: 400;\">docents<\/span><\/li>\n<li style=\"font-weight: 400;\" aria-level=\"1\"><span style=\"font-weight: 400;\">asoci\u0113tais profesors<\/span><\/li>\n<li style=\"font-weight: 400;\" aria-level=\"1\"><span style=\"font-weight: 400;\">profesors<\/span><\/li>\n<\/ul>\n<p><span style=\"font-weight: 400;\">Zin\u0101tniskie amati:<\/span><\/p>\n<ul>\n<li style=\"font-weight: 400;\" aria-level=\"1\"><span style=\"font-weight: 400;\">zin\u0101tniskais asistents<\/span><\/li>\n<li style=\"font-weight: 400;\" aria-level=\"1\"><span style=\"font-weight: 400;\">p\u0113tnieks<\/span><\/li>\n<li style=\"font-weight: 400;\" aria-level=\"1\"><span style=\"font-weight: 400;\">vado\u0161ais p\u0113tnieks<\/span><\/li>\n<\/ul>\n<p><span style=\"font-weight: 400;\">P\u0113tniec\u012bbas instit\u016btos eksist\u0113 tikai zin\u0101tniskie amati. Augstskol\u0101s liel\u0101kajai da\u013cai darbinieku ir divi amati \u2013 viens ir akad\u0113miskais un otrs ir p\u0113tnieciskais (tos parasti atrun\u0101 zem viena l\u012bguma). Akad\u0113miskaj\u0101 amat\u0101 p\u0101rsvar\u0101 nodarbojas ar doc\u0113\u0161anu un administrat\u012bvo darbu, zin\u0101tniskaj\u0101 amat\u0101 nodarbojas ar p\u0113tniec\u012bbu. Proti, lasot lekciju, Tu to dari ar akad\u0113misk\u0101 amata cepuri. Str\u0101d\u0101jot pie p\u0113tniec\u012bbas projekta, Tu to dari ar zin\u0101tnisk\u0101 amata cepuri. Katram amata veidam var b\u016bt cita stundas likme. Akad\u0113miskajiem amatiem minim\u0101l\u0101 stundas likme ir noteikta Ministru kabineta noteikumos. Zin\u0101tniskajiem amatiem likmes nosaka pa\u0161as instit\u016bcijas (parasti t\u0101s nosaka ieteicam\u0101s likmes, bet nebaidies pras\u012bt vair\u0101k, iepriek\u0161 sagatavojot labus argumentus).<\/span><\/p>\n<p>&nbsp;<\/p>\n<p><i><span style=\"font-weight: 400;\">Noder\u012bgas saites:<\/span><\/i><\/p>\n<ul>\n<li style=\"font-weight: 400;\" aria-level=\"1\"><span style=\"font-weight: 400;\">Re\u0123istr\u0113jies zin\u0101tnieku platform\u0101s: ORCID (<\/span><a href=\"https:\/\/orcid.org\/\"><span style=\"font-weight: 400;\">https:\/\/orcid.org\/<\/span><\/a><span style=\"font-weight: 400;\">), ResearchGate (<\/span><a href=\"https:\/\/www.researchgate.net\/\"><span style=\"font-weight: 400;\">https:\/\/www.researchgate.net\/<\/span><\/a><span style=\"font-weight: 400;\">), Google Scholar (<\/span><a href=\"https:\/\/scholar.google.com\/\"><span style=\"font-weight: 400;\">https:\/\/scholar.google.com\/<\/span><\/a><span style=\"font-weight: 400;\">)<\/span><\/li>\n<li style=\"font-weight: 400;\" aria-level=\"1\"><span style=\"font-weight: 400;\">Marie Curie PhD grant <\/span><a href=\"https:\/\/marie-sklodowska-curie-actions.ec.europa.eu\/\"><span style=\"font-weight: 400;\">https:\/\/marie-sklodowska-curie-actions.ec.europa.eu\/<\/span><\/a><\/li>\n<li style=\"font-weight: 400;\" aria-level=\"1\"><span style=\"font-weight: 400;\">Fulbright scholarship <\/span><a href=\"https:\/\/lv.usembassy.gov\/lv\/education-culture-lv\/fulbright-program-lv\/students-lv\/\"><span style=\"font-weight: 400;\">https:\/\/lv.usembassy.gov\/lv\/education-culture-lv\/fulbright-program-lv\/students-lv\/<\/span><\/a><\/li>\n<\/ul>\n<p>&nbsp;<\/p>\n<p>&nbsp;<\/p>\n<p><span style=\"font-weight: 400;\">Materi\u0101lu izstr\u0101d\u0101ja Latvijas Jauno zin\u0101tnieku apvien\u012bba ar Sabiedr\u012bbas integr\u0101cijas fonda finansi\u0101lu atbalstu no Latvijas valsts bud\u017eeta l\u012bdzek\u013ciem.<\/span><\/p>","protected":false},"excerpt":{"rendered":"<p>Iest\u0101joties doktorant\u016br\u0101, Tu k\u013c\u016bsti par da\u013cu no komandas, kura str\u0101d\u0101 ar m\u0113r\u0137i izprast aktu\u0101los izaicin\u0101jumus sabiedr\u012bb\u0101 un sniegt savu ieguld\u012bjumu to risin\u0101\u0161an\u0101. \u0145em v\u0113r\u0101, ka doktorant\u016bras studijas un pieredze da\u017e\u0101d\u0101s augstskol\u0101s var b\u016bt at\u0161\u0137ir\u012bga. Turkl\u0101t p\u0113c doktora gr\u0101da ieg\u016b\u0161anas Tu vari sevi profesion\u0101li att\u012bst\u012bt gan akad\u0113miskaj\u0101 vid\u0113, gan str\u0101d\u0101jot da\u017e\u0101dos uz\u0146\u0113mumos, valsts iest\u0101d\u0113s un organiz\u0101cij\u0101s. [&hellip;]<\/p>","protected":false},"author":1,"featured_media":0,"parent":4462,"menu_order":0,"comment_status":"open","ping_status":"open","template":"","meta":{"footnotes":""},"class_list":["post-14","page","type-page","status-publish","hentry"],"acf":[],"_links":{"self":[{"href":"https:\/\/new.ljza.lv\/en\/wp-json\/wp\/v2\/pages\/14","targetHints":{"allow":["GET"]}}],"collection":[{"href":"https:\/\/new.ljza.lv\/en\/wp-json\/wp\/v2\/pages"}],"about":[{"href":"https:\/\/new.ljza.lv\/en\/wp-json\/wp\/v2\/types\/page"}],"author":[{"embeddable":true,"href":"https:\/\/new.ljza.lv\/en\/wp-json\/wp\/v2\/users\/1"}],"replies":[{"embeddable":true,"href":"https:\/\/new.ljza.lv\/en\/wp-json\/wp\/v2\/comments?post=14"}],"version-history":[{"count":22,"href":"https:\/\/new.ljza.lv\/en\/wp-json\/wp\/v2\/pages\/14\/revisions"}],"predecessor-version":[{"id":5458,"href":"https:\/\/new.ljza.lv\/en\/wp-json\/wp\/v2\/pages\/14\/revisions\/5458"}],"up":[{"embeddable":true,"href":"https:\/\/new.ljza.lv\/en\/wp-json\/wp\/v2\/pages\/4462"}],"wp:attachment":[{"href":"https:\/\/new.ljza.lv\/en\/wp-json\/wp\/v2\/media?parent=14"}],"curies":[{"name":"wp","href":"https:\/\/api.w.org\/{rel}","templated":true}]}}