{"id":1,"date":"2012-03-06T08:03:47","date_gmt":"2012-03-06T06:03:47","guid":{"rendered":"http:\/\/itnt.lv\/a\/?p=1"},"modified":"2023-08-05T10:46:55","modified_gmt":"2023-08-05T08:46:55","slug":"valde","status":"publish","type":"page","link":"https:\/\/new.ljza.lv\/en\/par-ljza\/valde\/","title":{"rendered":"Board"},"content":{"rendered":"<div data-elementor-type=\"wp-page\" data-elementor-id=\"1\" class=\"elementor elementor-1\" data-elementor-post-type=\"page\">\n\t\t\t\t\t\t\t\t\t<section class=\"elementor-section elementor-top-section elementor-element elementor-element-18218ba5 elementor-section-boxed elementor-section-height-default elementor-section-height-default\" data-id=\"18218ba5\" data-element_type=\"section\">\n\t\t\t\t\t\t<div class=\"elementor-container elementor-column-gap-default\">\n\t\t\t\t\t<div class=\"elementor-column elementor-col-100 elementor-top-column elementor-element elementor-element-75630f81\" data-id=\"75630f81\" data-element_type=\"column\">\n\t\t\t<div class=\"elementor-widget-wrap elementor-element-populated\">\n\t\t\t\t\t\t\t\t<div class=\"elementor-element elementor-element-48a13f58 elementor-widget elementor-widget-text-editor\" data-id=\"48a13f58\" data-element_type=\"widget\" data-widget_type=\"text-editor.default\">\n\t\t\t\t<div class=\"elementor-widget-container\">\n\t\t\t<style>\/*! elementor - v3.15.0 - 02-08-2023 *\/\n.elementor-widget-text-editor.elementor-drop-cap-view-stacked .elementor-drop-cap{background-color:#69727d;color:#fff}.elementor-widget-text-editor.elementor-drop-cap-view-framed .elementor-drop-cap{color:#69727d;border:3px solid;background-color:transparent}.elementor-widget-text-editor:not(.elementor-drop-cap-view-default) .elementor-drop-cap{margin-top:8px}.elementor-widget-text-editor:not(.elementor-drop-cap-view-default) .elementor-drop-cap-letter{width:1em;height:1em}.elementor-widget-text-editor .elementor-drop-cap{float:left;text-align:center;line-height:1;font-size:50px}.elementor-widget-text-editor .elementor-drop-cap-letter{display:inline-block}<\/style>\t\t\t\t\t\t\t\t\t\t<\/div>\n\t\t\t\t<\/div>\n\t\t\t\t<div class=\"elementor-element elementor-element-510c1aa elementor-grid-1 elementor-grid-tablet-2 elementor-grid-mobile-1 elementor-widget elementor-widget-loop-grid\" data-id=\"510c1aa\" data-element_type=\"widget\" data-settings=\"{&quot;template_id&quot;:5896,&quot;columns&quot;:1,&quot;_skin&quot;:&quot;post&quot;,&quot;columns_tablet&quot;:&quot;2&quot;,&quot;columns_mobile&quot;:&quot;1&quot;,&quot;edit_handle_selector&quot;:&quot;[data-elementor-type=\\&quot;loop-item\\&quot;]&quot;,&quot;row_gap&quot;:{&quot;unit&quot;:&quot;px&quot;,&quot;size&quot;:&quot;&quot;,&quot;sizes&quot;:[]},&quot;row_gap_tablet&quot;:{&quot;unit&quot;:&quot;px&quot;,&quot;size&quot;:&quot;&quot;,&quot;sizes&quot;:[]},&quot;row_gap_mobile&quot;:{&quot;unit&quot;:&quot;px&quot;,&quot;size&quot;:&quot;&quot;,&quot;sizes&quot;:[]}}\" data-widget_type=\"loop-grid.post\">\n\t\t\t\t<div class=\"elementor-widget-container\">\n\t\t\t<link rel=\"stylesheet\" href=\"https:\/\/new.ljza.lv\/wp-content\/plugins\/elementor-pro\/assets\/css\/widget-loop-builder.min.css\">\t\t<div class=\"elementor-loop-container elementor-grid\">\n\t\t<style id=\"loop-5896\">.elementor-5896 .elementor-element.elementor-element-87741c2{--display:flex;--flex-direction:row;--container-widget-width:initial;--container-widget-height:100%;--container-widget-flex-grow:1;--container-widget-align-self:stretch;--background-transition:0.3s;}.elementor-5896 .elementor-element.elementor-element-b487c38{--display:flex;--background-transition:0.3s;}.elementor-5896 .elementor-element.elementor-element-0a9832e img{width:100%;height:250px;object-fit:cover;object-position:center center;filter:brightness( 100% ) contrast( 100% ) saturate( 100% ) blur( 0px ) hue-rotate( 0deg );}.elementor-5896 .elementor-element.elementor-element-7961e3d{--display:flex;--background-transition:0.3s;}.elementor-5896 .elementor-element.elementor-element-01e615f .elementor-heading-title{font-size:19px;font-weight:600;}@media(max-width:767px){.elementor-5896 .elementor-element.elementor-element-87741c2{--margin-top:0px;--margin-right:0px;--margin-bottom:0px;--margin-left:0px;--padding-top:0px;--padding-right:0px;--padding-bottom:0px;--padding-left:0px;}}@media(min-width:768px){.elementor-5896 .elementor-element.elementor-element-87741c2{--width:100%;}.elementor-5896 .elementor-element.elementor-element-b487c38{--width:25%;}.elementor-5896 .elementor-element.elementor-element-7961e3d{--width:75%;}}<\/style>\t\t<div data-elementor-type=\"loop-item\" data-elementor-id=\"5896\" class=\"elementor elementor-5896 e-loop-item e-loop-item-5886 post-5886 profils type-profils status-publish has-post-thumbnail hentry profila-tema-ekologija profila-tips-valdes-loceklis\" data-elementor-post-type=\"elementor_library\" data-custom-edit-handle=\"1\">\n\t\t\t\t\t\t<div class=\"elementor-element elementor-element-87741c2 e-con-full e-flex e-con\" data-id=\"87741c2\" data-element_type=\"container\" data-settings=\"{&quot;content_width&quot;:&quot;full&quot;}\">\n\t\t<div class=\"elementor-element elementor-element-b487c38 e-con-full e-flex e-con\" data-id=\"b487c38\" data-element_type=\"container\" data-settings=\"{&quot;content_width&quot;:&quot;full&quot;}\">\n\t\t\t\t<div class=\"elementor-element elementor-element-0a9832e elementor-widget elementor-widget-image\" data-id=\"0a9832e\" data-element_type=\"widget\" data-widget_type=\"image.default\">\n\t\t\t\t<div class=\"elementor-widget-container\">\n\t\t\t<style>\/*! elementor - v3.15.0 - 02-08-2023 *\/\n.elementor-widget-image{text-align:center}.elementor-widget-image a{display:inline-block}.elementor-widget-image a img[src$=\".svg\"]{width:48px}.elementor-widget-image img{vertical-align:middle;display:inline-block}<\/style>\t\t\t\t\t\t\t\t\t\t\t\t<img loading=\"lazy\" decoding=\"async\" width=\"200\" height=\"300\" src=\"https:\/\/new.ljza.lv\/wp-content\/uploads\/2021\/12\/IMG_6272-2-200x300.jpg\" class=\"attachment-medium size-medium wp-image-4154\" alt=\"Antra Bo\u010da\" srcset=\"https:\/\/new.ljza.lv\/wp-content\/uploads\/2021\/12\/IMG_6272-2-200x300.jpg 200w, https:\/\/new.ljza.lv\/wp-content\/uploads\/2021\/12\/IMG_6272-2-683x1024.jpg 683w, https:\/\/new.ljza.lv\/wp-content\/uploads\/2021\/12\/IMG_6272-2-768x1152.jpg 768w, https:\/\/new.ljza.lv\/wp-content\/uploads\/2021\/12\/IMG_6272-2-1024x1536.jpg 1024w, https:\/\/new.ljza.lv\/wp-content\/uploads\/2021\/12\/IMG_6272-2.jpg 1365w\" sizes=\"auto, (max-width: 200px) 100vw, 200px\" \/>\t\t\t\t\t\t\t\t\t\t\t\t\t\t\t<\/div>\n\t\t\t\t<\/div>\n\t\t\t\t<\/div>\n\t\t<div class=\"elementor-element elementor-element-7961e3d e-con-full e-flex e-con\" data-id=\"7961e3d\" data-element_type=\"container\" data-settings=\"{&quot;content_width&quot;:&quot;full&quot;}\">\n\t\t\t\t<div class=\"elementor-element elementor-element-01e615f elementor-widget elementor-widget-heading\" data-id=\"01e615f\" data-element_type=\"widget\" data-widget_type=\"heading.default\">\n\t\t\t\t<div class=\"elementor-widget-container\">\n\t\t\t<style>\/*! elementor - v3.15.0 - 02-08-2023 *\/\n.elementor-heading-title{padding:0;margin:0;line-height:1}.elementor-widget-heading .elementor-heading-title[class*=elementor-size-]>a{color:inherit;font-size:inherit;line-height:inherit}.elementor-widget-heading .elementor-heading-title.elementor-size-small{font-size:15px}.elementor-widget-heading .elementor-heading-title.elementor-size-medium{font-size:19px}.elementor-widget-heading .elementor-heading-title.elementor-size-large{font-size:29px}.elementor-widget-heading .elementor-heading-title.elementor-size-xl{font-size:39px}.elementor-widget-heading .elementor-heading-title.elementor-size-xxl{font-size:59px}<\/style><h2 class=\"elementor-heading-title elementor-size-default\">Antra Bo\u010da<\/h2>\t\t<\/div>\n\t\t\t\t<\/div>\n\t\t\t\t<div class=\"elementor-element elementor-element-3c0198d elementor-widget elementor-widget-theme-post-content\" data-id=\"3c0198d\" data-element_type=\"widget\" data-widget_type=\"theme-post-content.default\">\n\t\t\t\t<div class=\"elementor-widget-container\">\n\t\t\t<p>P\u0113tniece Latvijas Lauksaimniec\u012bbas universit\u0101t\u0113. 2017. gad\u0101 J\u016btas \u0160tata universit\u0101t\u0113 ieguva doktora gr\u0101du ekolo\u0123ij\u0101. P\u0113tniecisk\u0101s intereses: elementu un vielu aprite augsn\u0113; klimata, ve\u0123et\u0101cijas un cilv\u0113ku ietekme uz augsnes att\u012bst\u012bbu; augsnes apsaimnieko\u0161anas ietekme uz \u016bdens kvalit\u0101ti.<br \/>\nLJZA vald\u0113 v\u0113las turpin\u0101t apvien\u012bbas iesaisti Latvijas zin\u0101tnes politikas veido\u0161an\u0101, ar m\u0113r\u0137i Latvijas zin\u0101tnes telp\u0101 palielin\u0101t atv\u0113rt\u012bbu, akad\u0113misko god\u012bgumu un starptautisko konkur\u0113tsp\u0113ju.<\/p>\n\t\t<\/div>\n\t\t\t\t<\/div>\n\t\t\t\t<\/div>\n\t\t\t\t<\/div>\n\t\t\t\t\t\t<\/div>\n\t\t\t\t<div data-elementor-type=\"loop-item\" data-elementor-id=\"5896\" class=\"elementor elementor-5896 e-loop-item e-loop-item-5923 post-5923 profils type-profils status-publish has-post-thumbnail hentry profila-tips-valdes-loceklis\" data-elementor-post-type=\"elementor_library\" data-custom-edit-handle=\"1\">\n\t\t\t\t\t\t<div class=\"elementor-element elementor-element-87741c2 e-con-full e-flex e-con\" data-id=\"87741c2\" data-element_type=\"container\" data-settings=\"{&quot;content_width&quot;:&quot;full&quot;}\">\n\t\t<div class=\"elementor-element elementor-element-b487c38 e-con-full e-flex e-con\" data-id=\"b487c38\" data-element_type=\"container\" data-settings=\"{&quot;content_width&quot;:&quot;full&quot;}\">\n\t\t\t\t<div class=\"elementor-element elementor-element-0a9832e elementor-widget elementor-widget-image\" data-id=\"0a9832e\" data-element_type=\"widget\" data-widget_type=\"image.default\">\n\t\t\t\t<div class=\"elementor-widget-container\">\n\t\t\t\t\t\t\t\t\t\t\t\t\t\t\t<img loading=\"lazy\" decoding=\"async\" width=\"160\" height=\"246\" src=\"https:\/\/new.ljza.lv\/wp-content\/uploads\/2023\/05\/Eduards_Bakis_portrait_160.jpg\" class=\"attachment-medium size-medium wp-image-5925\" alt=\"\" \/>\t\t\t\t\t\t\t\t\t\t\t\t\t\t\t<\/div>\n\t\t\t\t<\/div>\n\t\t\t\t<\/div>\n\t\t<div class=\"elementor-element elementor-element-7961e3d e-con-full e-flex e-con\" data-id=\"7961e3d\" data-element_type=\"container\" data-settings=\"{&quot;content_width&quot;:&quot;full&quot;}\">\n\t\t\t\t<div class=\"elementor-element elementor-element-01e615f elementor-widget elementor-widget-heading\" data-id=\"01e615f\" data-element_type=\"widget\" data-widget_type=\"heading.default\">\n\t\t\t\t<div class=\"elementor-widget-container\">\n\t\t\t<h2 class=\"elementor-heading-title elementor-size-default\">Eduards Ba\u0137is<\/h2>\t\t<\/div>\n\t\t\t\t<\/div>\n\t\t\t\t<div class=\"elementor-element elementor-element-3c0198d elementor-widget elementor-widget-theme-post-content\" data-id=\"3c0198d\" data-element_type=\"widget\" data-widget_type=\"theme-post-content.default\">\n\t\t\t\t<div class=\"elementor-widget-container\">\n\t\t\t<p>P\u0113tnieks-p\u0113cdoktorants Latvijas Universit\u0101tes \u0136\u012bmijas fakult\u0101t\u0113, Latvijas Universit\u0101tes un R\u012bgas Stradi\u0146a universit\u0101tes doc\u0113t\u0101js. 2019. gad\u0101 ieguvis doktora gr\u0101du <em>Imperial College London<\/em>, Lielbrit\u0101nij\u0101. P\u0113tniec\u012bbas intereses: ilgtsp\u0113j\u012bg\u0101ki \u0137\u012bmiskie procesi, alternat\u012bvie \u0161\u0137\u012bdin\u0101t\u0101ji, jonu \u0161\u0137idrumu fizik\u0101lorganisk\u0101 \u0137\u012bmija.<\/p>\n<p>Darbojoties LJZA vald\u0113, v\u0113las veicin\u0101t komunik\u0101ciju ar sabiedr\u012bbu un jaunie\u0161iem, stimul\u0113t kritisko dom\u0101\u0161anu un akcent\u0113t uz pier\u0101d\u012bjumiem balst\u012btu l\u0113mumu pie\u0146em\u0161anas b\u016btisko lomu ikdienas dz\u012bv\u0113 un likumdo\u0161an\u0101.<\/p>\n\t\t<\/div>\n\t\t\t\t<\/div>\n\t\t\t\t<\/div>\n\t\t\t\t<\/div>\n\t\t\t\t\t\t<\/div>\n\t\t\t\t<div data-elementor-type=\"loop-item\" data-elementor-id=\"5896\" class=\"elementor elementor-5896 e-loop-item e-loop-item-5939 post-5939 profils type-profils status-publish has-post-thumbnail hentry profila-tips-valdes-loceklis\" data-elementor-post-type=\"elementor_library\" data-custom-edit-handle=\"1\">\n\t\t\t\t\t\t<div class=\"elementor-element elementor-element-87741c2 e-con-full e-flex e-con\" data-id=\"87741c2\" data-element_type=\"container\" data-settings=\"{&quot;content_width&quot;:&quot;full&quot;}\">\n\t\t<div class=\"elementor-element elementor-element-b487c38 e-con-full e-flex e-con\" data-id=\"b487c38\" data-element_type=\"container\" data-settings=\"{&quot;content_width&quot;:&quot;full&quot;}\">\n\t\t\t\t<div class=\"elementor-element elementor-element-0a9832e elementor-widget elementor-widget-image\" data-id=\"0a9832e\" data-element_type=\"widget\" data-widget_type=\"image.default\">\n\t\t\t\t<div class=\"elementor-widget-container\">\n\t\t\t\t\t\t\t\t\t\t\t\t\t\t\t<img loading=\"lazy\" decoding=\"async\" width=\"206\" height=\"300\" src=\"https:\/\/new.ljza.lv\/wp-content\/uploads\/2021\/03\/LJZA-valde-Ilze-Elbere-crop-206x300.jpg\" class=\"attachment-medium size-medium wp-image-4056\" alt=\"\" srcset=\"https:\/\/new.ljza.lv\/wp-content\/uploads\/2021\/03\/LJZA-valde-Ilze-Elbere-crop-206x300.jpg 206w, https:\/\/new.ljza.lv\/wp-content\/uploads\/2021\/03\/LJZA-valde-Ilze-Elbere-crop-702x1024.jpg 702w, https:\/\/new.ljza.lv\/wp-content\/uploads\/2021\/03\/LJZA-valde-Ilze-Elbere-crop-768x1121.jpg 768w, https:\/\/new.ljza.lv\/wp-content\/uploads\/2021\/03\/LJZA-valde-Ilze-Elbere-crop.jpg 953w\" sizes=\"auto, (max-width: 206px) 100vw, 206px\" \/>\t\t\t\t\t\t\t\t\t\t\t\t\t\t\t<\/div>\n\t\t\t\t<\/div>\n\t\t\t\t<\/div>\n\t\t<div class=\"elementor-element elementor-element-7961e3d e-con-full e-flex e-con\" data-id=\"7961e3d\" data-element_type=\"container\" data-settings=\"{&quot;content_width&quot;:&quot;full&quot;}\">\n\t\t\t\t<div class=\"elementor-element elementor-element-01e615f elementor-widget elementor-widget-heading\" data-id=\"01e615f\" data-element_type=\"widget\" data-widget_type=\"heading.default\">\n\t\t\t\t<div class=\"elementor-widget-container\">\n\t\t\t<h2 class=\"elementor-heading-title elementor-size-default\">Ilze Elbere<\/h2>\t\t<\/div>\n\t\t\t\t<\/div>\n\t\t\t\t<div class=\"elementor-element elementor-element-3c0198d elementor-widget elementor-widget-theme-post-content\" data-id=\"3c0198d\" data-element_type=\"widget\" data-widget_type=\"theme-post-content.default\">\n\t\t\t\t<div class=\"elementor-widget-container\">\n\t\t\t<p>P\u0113tniece un Studentu padomes vad\u012bt\u0101ja Latvijas Biomedic\u012bnas p\u0113t\u012bjumu studiju centr\u0101, doktora gr\u0101da pretendente molekul\u0101raj\u0101 biolo\u0123ij\u0101 Latvijas Universit\u0101t\u0113. P\u0113tniecisk\u0101s intereses: cilv\u0113ka mikrobioma izp\u0113te, galvenok\u0101rt saist\u012bb\u0101 ar 2.tipa cukura diab\u0113tu, t\u0101 terapiju, k\u0101 ar\u012b mikrobioma un saimniekorganisma mijiedarb\u012bbas meh\u0101nismu izzin\u0101\u0161ana.<\/p>\n<p>Iesaistoties LJZA valdes darb\u0101 Ilze v\u0113las dot savu artavu, lai veicin\u0101tu komunik\u0101ciju un sadarb\u012bbu zin\u0101tnieku starp\u0101 da\u017e\u0101d\u0101s instit\u016bcij\u0101s, k\u0101 ar\u012b lai att\u012bst\u012btu un stiprin\u0101tu kvalitat\u012bvu zin\u0101tnes komunik\u0101ciju ar sabiedr\u012bbu Latvij\u0101.<\/p>\n\t\t<\/div>\n\t\t\t\t<\/div>\n\t\t\t\t<\/div>\n\t\t\t\t<\/div>\n\t\t\t\t\t\t<\/div>\n\t\t\t\t<div data-elementor-type=\"loop-item\" data-elementor-id=\"5896\" class=\"elementor elementor-5896 e-loop-item e-loop-item-5940 post-5940 profils type-profils status-publish has-post-thumbnail hentry profila-tips-valdes-loceklis\" data-elementor-post-type=\"elementor_library\" data-custom-edit-handle=\"1\">\n\t\t\t\t\t\t<div class=\"elementor-element elementor-element-87741c2 e-con-full e-flex e-con\" data-id=\"87741c2\" data-element_type=\"container\" data-settings=\"{&quot;content_width&quot;:&quot;full&quot;}\">\n\t\t<div class=\"elementor-element elementor-element-b487c38 e-con-full e-flex e-con\" data-id=\"b487c38\" data-element_type=\"container\" data-settings=\"{&quot;content_width&quot;:&quot;full&quot;}\">\n\t\t\t\t<div class=\"elementor-element elementor-element-0a9832e elementor-widget elementor-widget-image\" data-id=\"0a9832e\" data-element_type=\"widget\" data-widget_type=\"image.default\">\n\t\t\t\t<div class=\"elementor-widget-container\">\n\t\t\t\t\t\t\t\t\t\t\t\t\t\t\t<img loading=\"lazy\" decoding=\"async\" width=\"234\" height=\"300\" src=\"https:\/\/new.ljza.lv\/wp-content\/uploads\/2022\/04\/Matiss-Reinfelds-234x300.jpg\" class=\"attachment-medium size-medium wp-image-4209\" alt=\"\" srcset=\"https:\/\/new.ljza.lv\/wp-content\/uploads\/2022\/04\/Matiss-Reinfelds-234x300.jpg 234w, https:\/\/new.ljza.lv\/wp-content\/uploads\/2022\/04\/Matiss-Reinfelds-798x1024.jpg 798w, https:\/\/new.ljza.lv\/wp-content\/uploads\/2022\/04\/Matiss-Reinfelds-768x985.jpg 768w, https:\/\/new.ljza.lv\/wp-content\/uploads\/2022\/04\/Matiss-Reinfelds-1198x1536.jpg 1198w, https:\/\/new.ljza.lv\/wp-content\/uploads\/2022\/04\/Matiss-Reinfelds.jpg 1257w\" sizes=\"auto, (max-width: 234px) 100vw, 234px\" \/>\t\t\t\t\t\t\t\t\t\t\t\t\t\t\t<\/div>\n\t\t\t\t<\/div>\n\t\t\t\t<\/div>\n\t\t<div class=\"elementor-element elementor-element-7961e3d e-con-full e-flex e-con\" data-id=\"7961e3d\" data-element_type=\"container\" data-settings=\"{&quot;content_width&quot;:&quot;full&quot;}\">\n\t\t\t\t<div class=\"elementor-element elementor-element-01e615f elementor-widget elementor-widget-heading\" data-id=\"01e615f\" data-element_type=\"widget\" data-widget_type=\"heading.default\">\n\t\t\t\t<div class=\"elementor-widget-container\">\n\t\t\t<h2 class=\"elementor-heading-title elementor-size-default\">Mat\u012bss Reinfelds<\/h2>\t\t<\/div>\n\t\t\t\t<\/div>\n\t\t\t\t<div class=\"elementor-element elementor-element-3c0198d elementor-widget elementor-widget-theme-post-content\" data-id=\"3c0198d\" data-element_type=\"widget\" data-widget_type=\"theme-post-content.default\">\n\t\t\t\t<div class=\"elementor-widget-container\">\n\t\t\t<p>Pabeidzis ma\u0123istrat\u016bras studijas Latvijas Universit\u0101tes \u0136\u012bmijas fakult\u0101t\u0113 un 2018. gad\u0101 ieguvis dabaszin\u0101t\u0146u doktora gr\u0101du G\u0113tes Universit\u0101t\u0113, Frankfurt\u0113 pie Mainas, V\u0101cij\u0101. P\u0113tniec\u012bbas intereses: gaismas lieto\u0161ana \u0137\u012bmiskos procesos un ener\u0123ijas ra\u017eo\u0161an\u0101.<\/p>\n<p>Darbojoties LJZA vald\u0113, v\u0113las stiprin\u0101t diasporas sadarb\u012bbu ar Latvijas instit\u016bcij\u0101m, piedal\u012bties Latvijas zin\u0101tnes politikas veido\u0161an\u0101, k\u0101 ar\u012b uzabot zin\u0101tnieku komunik\u0101ciju ar sabiedr\u012bbu.<\/p>\n\t\t<\/div>\n\t\t\t\t<\/div>\n\t\t\t\t<\/div>\n\t\t\t\t<\/div>\n\t\t\t\t\t\t<\/div>\n\t\t\t\t<div data-elementor-type=\"loop-item\" data-elementor-id=\"5896\" class=\"elementor elementor-5896 e-loop-item e-loop-item-5941 post-5941 profils type-profils status-publish has-post-thumbnail hentry profila-tips-valdes-loceklis\" data-elementor-post-type=\"elementor_library\" data-custom-edit-handle=\"1\">\n\t\t\t\t\t\t<div class=\"elementor-element elementor-element-87741c2 e-con-full e-flex e-con\" data-id=\"87741c2\" data-element_type=\"container\" data-settings=\"{&quot;content_width&quot;:&quot;full&quot;}\">\n\t\t<div class=\"elementor-element elementor-element-b487c38 e-con-full e-flex e-con\" data-id=\"b487c38\" data-element_type=\"container\" data-settings=\"{&quot;content_width&quot;:&quot;full&quot;}\">\n\t\t\t\t<div class=\"elementor-element elementor-element-0a9832e elementor-widget elementor-widget-image\" data-id=\"0a9832e\" data-element_type=\"widget\" data-widget_type=\"image.default\">\n\t\t\t\t<div class=\"elementor-widget-container\">\n\t\t\t\t\t\t\t\t\t\t\t\t\t\t\t<img loading=\"lazy\" decoding=\"async\" width=\"206\" height=\"300\" src=\"https:\/\/new.ljza.lv\/wp-content\/uploads\/2022\/04\/Liene-Spruzeniece-206x300.jpg\" class=\"attachment-medium size-medium wp-image-4206\" alt=\"\" srcset=\"https:\/\/new.ljza.lv\/wp-content\/uploads\/2022\/04\/Liene-Spruzeniece-206x300.jpg 206w, https:\/\/new.ljza.lv\/wp-content\/uploads\/2022\/04\/Liene-Spruzeniece-704x1024.jpg 704w, https:\/\/new.ljza.lv\/wp-content\/uploads\/2022\/04\/Liene-Spruzeniece-768x1117.jpg 768w, https:\/\/new.ljza.lv\/wp-content\/uploads\/2022\/04\/Liene-Spruzeniece-1056x1536.jpg 1056w, https:\/\/new.ljza.lv\/wp-content\/uploads\/2022\/04\/Liene-Spruzeniece-1408x2048.jpg 1408w, https:\/\/new.ljza.lv\/wp-content\/uploads\/2022\/04\/Liene-Spruzeniece-scaled.jpg 1759w\" sizes=\"auto, (max-width: 206px) 100vw, 206px\" \/>\t\t\t\t\t\t\t\t\t\t\t\t\t\t\t<\/div>\n\t\t\t\t<\/div>\n\t\t\t\t<\/div>\n\t\t<div class=\"elementor-element elementor-element-7961e3d e-con-full e-flex e-con\" data-id=\"7961e3d\" data-element_type=\"container\" data-settings=\"{&quot;content_width&quot;:&quot;full&quot;}\">\n\t\t\t\t<div class=\"elementor-element elementor-element-01e615f elementor-widget elementor-widget-heading\" data-id=\"01e615f\" data-element_type=\"widget\" data-widget_type=\"heading.default\">\n\t\t\t\t<div class=\"elementor-widget-container\">\n\t\t\t<h2 class=\"elementor-heading-title elementor-size-default\">Liene Spru\u017eeniece<\/h2>\t\t<\/div>\n\t\t\t\t<\/div>\n\t\t\t\t<div class=\"elementor-element elementor-element-3c0198d elementor-widget elementor-widget-theme-post-content\" data-id=\"3c0198d\" data-element_type=\"widget\" data-widget_type=\"theme-post-content.default\">\n\t\t\t\t<div class=\"elementor-widget-container\">\n\t\t\t<p>Mikroanal\u012bti\u0137e Gl\u0101zgovas Universit\u0101t\u0113, vada elektronu mikrosopijas centru \u201cISAAC\u201d. 2017. gad\u0101 ieguvusi doktora gr\u0101du \u0123eozin\u0101tn\u0113s Makvar\u012b (Macquarie) Universit\u0101t\u0113, Austr\u0101lij\u0101, p\u0113c tam 3 gadus pavad\u012bja str\u0101d\u0101jot p\u0113tniec\u012bb\u0101 Lielbrit\u0101nij\u0101 un V\u0101cij\u0101. P\u0113tniecisk\u0101s intereses: tektoniskie procesi un \u0137\u012bmisk\u0101s reakcijas Zemes garoz\u0101, elektronu mikroskopija.<\/p>\n<p>LJZA vald\u0113 Liene v\u0113las att\u012bst\u012bt projektus, kas veicina jauno zin\u0101tnieku prasmju pilnveido\u0161anu un kopienas veido\u0161anu, k\u0101 ar\u012b l\u012bdzdarboties politikas darba grup\u0101, lai padar\u012btu Latvijas akad\u0113misko vidi atv\u0113rt\u0101ku, vienl\u012bdz\u012bg\u0101ku un starptautiski konkur\u0113tsp\u0113j\u012bg\u0101ku.<\/p>\n\t\t<\/div>\n\t\t\t\t<\/div>\n\t\t\t\t<\/div>\n\t\t\t\t<\/div>\n\t\t\t\t\t\t<\/div>\n\t\t\t\t<\/div>\n\t\t\n\t\t\t\t<\/div>\n\t\t\t\t<\/div>\n\t\t\t\t\t<\/div>\n\t\t<\/div>\n\t\t\t\t\t\t\t<\/div>\n\t\t<\/section>\n\t\t\t\t\t\t\t<\/div>","protected":false},"excerpt":{"rendered":"","protected":false},"author":1,"featured_media":0,"parent":2,"menu_order":1,"comment_status":"closed","ping_status":"closed","template":"elementor_theme","meta":{"footnotes":""},"class_list":["post-1","page","type-page","status-publish","hentry"],"acf":[],"_links":{"self":[{"href":"https:\/\/new.ljza.lv\/en\/wp-json\/wp\/v2\/pages\/1","targetHints":{"allow":["GET"]}}],"collection":[{"href":"https:\/\/new.ljza.lv\/en\/wp-json\/wp\/v2\/pages"}],"about":[{"href":"https:\/\/new.ljza.lv\/en\/wp-json\/wp\/v2\/types\/page"}],"author":[{"embeddable":true,"href":"https:\/\/new.ljza.lv\/en\/wp-json\/wp\/v2\/users\/1"}],"replies":[{"embeddable":true,"href":"https:\/\/new.ljza.lv\/en\/wp-json\/wp\/v2\/comments?post=1"}],"version-history":[{"count":164,"href":"https:\/\/new.ljza.lv\/en\/wp-json\/wp\/v2\/pages\/1\/revisions"}],"predecessor-version":[{"id":5944,"href":"https:\/\/new.ljza.lv\/en\/wp-json\/wp\/v2\/pages\/1\/revisions\/5944"}],"up":[{"embeddable":true,"href":"https:\/\/new.ljza.lv\/en\/wp-json\/wp\/v2\/pages\/2"}],"wp:attachment":[{"href":"https:\/\/new.ljza.lv\/en\/wp-json\/wp\/v2\/media?parent=1"}],"curies":[{"name":"wp","href":"https:\/\/api.w.org\/{rel}","templated":true}]}}